{"id":3331,"date":"2019-07-30T01:53:49","date_gmt":"2019-07-29T23:53:49","guid":{"rendered":"https:\/\/makeupmanufacture.pl\/?page_id=3331"},"modified":"2019-07-30T02:21:15","modified_gmt":"2019-07-30T00:21:15","slug":"damian-lukasz-weddings-2","status":"publish","type":"page","link":"https:\/\/makeupmanufacture.pl\/en\/portfolio\/damian-lukasz-weddings-2\/","title":{"rendered":"Damian \u0141ukasz Weddings 2"},"content":{"rendered":"<p class=\"qtranxs-available-languages-message qtranxs-available-languages-message-en\">Sorry, this entry is only available in <a href=\"https:\/\/makeupmanufacture.pl\/pl\/wp-json\/wp\/v2\/pages\/3331\" class=\"qtranxs-available-language-link qtranxs-available-language-link-pl\" title=\"Polski\">Polski<\/a>.<\/p><p><\/p>\n<p style=\"text-align: center;\">CONCEPT: Bride Side Wedding Planner<br \/>\nCONCEPT, PHOTOGRAPHY, RETOUCH: Damian \u0141ukasz Weddings<br \/>\nVENUE: Oaza Le\u0144cze<br \/>\nMODELS: Justyna Uboska i Pawe\u0142 Szczepanik<br \/>\nFLOWERS: Bukiet Love<br \/>\nMUA: Make-up Manufacture<br \/>\nSTATIONERY: Styletter<br \/>\nJEWELLERY: Bizoe<br \/>\nSWEETS: Ciastki &amp; Co<br \/>\nMACRAME: Boski Minimalizm<br \/>\nGOWN: Joanna Niemiec<br \/>\nHAIR: Joanna Curzyd\u0142o &#8211; Rup Coiffeur<br \/>\nRIBBONS: Shy Ribbons<br \/>\nDECORATIONS: Dekoracje Szewczyk,\u00a0Wypo\u017cyczalnia Ewa Berdychowska<br \/>\nCROCKERY SET: Mleko Living<\/p>\n<p><div id='gallery-1' class='gallery galleryid-3331 gallery-columns-1 gallery-size-large'><dl class='gallery-item'>\n\t\t\t<dt class='gallery-icon landscape'>\n\t\t\t\t<a href='https:\/\/makeupmanufacture.pl\/en\/5-slodkosci-dla-skory\/o40\/'><img loading=\"lazy\" decoding=\"async\" width=\"625\" height=\"417\" src=\"https:\/\/makeupmanufacture.pl\/wp-content\/uploads\/2019\/08\/o40-1024x683.jpg\" class=\"attachment-large size-large\" alt=\"\" srcset=\"https:\/\/makeupmanufacture.pl\/wp-content\/uploads\/2019\/08\/o40-1024x683.jpg 1024w, https:\/\/makeupmanufacture.pl\/wp-content\/uploads\/2019\/08\/o40-300x200.jpg 300w, https:\/\/makeupmanufacture.pl\/wp-content\/uploads\/2019\/08\/o40-768x512.jpg 768w, https:\/\/makeupmanufacture.pl\/wp-content\/uploads\/2019\/08\/o40-624x416.jpg 624w, https:\/\/makeupmanufacture.pl\/wp-content\/uploads\/2019\/08\/o40.jpg 1600w\" sizes=\"auto, (max-width: 625px) 100vw, 625px\" \/><\/a>\n\t\t\t<\/dt><\/dl><br style=\"clear: both\" \/><dl class='gallery-item'>\n\t\t\t<dt class='gallery-icon portrait'>\n\t\t\t\t<a href='https:\/\/makeupmanufacture.pl\/en\/5-slodkosci-dla-skory\/oaza-lencze-historia-61\/'><img loading=\"lazy\" decoding=\"async\" width=\"625\" height=\"937\" src=\"https:\/\/makeupmanufacture.pl\/wp-content\/uploads\/2019\/07\/Oaza-Lencze-Historia-61-683x1024.jpg\" class=\"attachment-large size-large\" alt=\"\" srcset=\"https:\/\/makeupmanufacture.pl\/wp-content\/uploads\/2019\/07\/Oaza-Lencze-Historia-61-683x1024.jpg 683w, https:\/\/makeupmanufacture.pl\/wp-content\/uploads\/2019\/07\/Oaza-Lencze-Historia-61-200x300.jpg 200w, https:\/\/makeupmanufacture.pl\/wp-content\/uploads\/2019\/07\/Oaza-Lencze-Historia-61-768x1152.jpg 768w, https:\/\/makeupmanufacture.pl\/wp-content\/uploads\/2019\/07\/Oaza-Lencze-Historia-61-624x936.jpg 624w, https:\/\/makeupmanufacture.pl\/wp-content\/uploads\/2019\/07\/Oaza-Lencze-Historia-61.jpg 1067w\" sizes=\"auto, (max-width: 625px) 100vw, 625px\" \/><\/a>\n\t\t\t<\/dt><\/dl><br style=\"clear: both\" \/><dl class='gallery-item'>\n\t\t\t<dt class='gallery-icon portrait'>\n\t\t\t\t<a href='https:\/\/makeupmanufacture.pl\/en\/5-slodkosci-dla-skory\/oaza-lencze-historia-60\/'><img loading=\"lazy\" decoding=\"async\" width=\"625\" height=\"937\" src=\"https:\/\/makeupmanufacture.pl\/wp-content\/uploads\/2019\/07\/Oaza-Lencze-Historia-60-683x1024.jpg\" class=\"attachment-large size-large\" alt=\"\" srcset=\"https:\/\/makeupmanufacture.pl\/wp-content\/uploads\/2019\/07\/Oaza-Lencze-Historia-60-683x1024.jpg 683w, https:\/\/makeupmanufacture.pl\/wp-content\/uploads\/2019\/07\/Oaza-Lencze-Historia-60-200x300.jpg 200w, https:\/\/makeupmanufacture.pl\/wp-content\/uploads\/2019\/07\/Oaza-Lencze-Historia-60-768x1152.jpg 768w, https:\/\/makeupmanufacture.pl\/wp-content\/uploads\/2019\/07\/Oaza-Lencze-Historia-60-624x936.jpg 624w, https:\/\/makeupmanufacture.pl\/wp-content\/uploads\/2019\/07\/Oaza-Lencze-Historia-60.jpg 1067w\" sizes=\"auto, (max-width: 625px) 100vw, 625px\" \/><\/a>\n\t\t\t<\/dt><\/dl><br style=\"clear: both\" \/><dl class='gallery-item'>\n\t\t\t<dt class='gallery-icon portrait'>\n\t\t\t\t<a href='https:\/\/makeupmanufacture.pl\/en\/5-slodkosci-dla-skory\/oaza-lencze-historia-55\/'><img loading=\"lazy\" decoding=\"async\" width=\"625\" height=\"937\" src=\"https:\/\/makeupmanufacture.pl\/wp-content\/uploads\/2019\/07\/Oaza-Lencze-Historia-55-683x1024.jpg\" class=\"attachment-large size-large\" alt=\"\" srcset=\"https:\/\/makeupmanufacture.pl\/wp-content\/uploads\/2019\/07\/Oaza-Lencze-Historia-55-683x1024.jpg 683w, https:\/\/makeupmanufacture.pl\/wp-content\/uploads\/2019\/07\/Oaza-Lencze-Historia-55-200x300.jpg 200w, https:\/\/makeupmanufacture.pl\/wp-content\/uploads\/2019\/07\/Oaza-Lencze-Historia-55-768x1152.jpg 768w, https:\/\/makeupmanufacture.pl\/wp-content\/uploads\/2019\/07\/Oaza-Lencze-Historia-55-624x936.jpg 624w, https:\/\/makeupmanufacture.pl\/wp-content\/uploads\/2019\/07\/Oaza-Lencze-Historia-55.jpg 1067w\" sizes=\"auto, (max-width: 625px) 100vw, 625px\" \/><\/a>\n\t\t\t<\/dt><\/dl><br style=\"clear: both\" \/><dl class='gallery-item'>\n\t\t\t<dt class='gallery-icon portrait'>\n\t\t\t\t<a href='https:\/\/makeupmanufacture.pl\/en\/5-slodkosci-dla-skory\/oaza-lencze-historia-52\/'><img loading=\"lazy\" decoding=\"async\" width=\"625\" height=\"937\" src=\"https:\/\/makeupmanufacture.pl\/wp-content\/uploads\/2019\/07\/Oaza-Lencze-Historia-52-683x1024.jpg\" class=\"attachment-large size-large\" alt=\"\" srcset=\"https:\/\/makeupmanufacture.pl\/wp-content\/uploads\/2019\/07\/Oaza-Lencze-Historia-52-683x1024.jpg 683w, https:\/\/makeupmanufacture.pl\/wp-content\/uploads\/2019\/07\/Oaza-Lencze-Historia-52-200x300.jpg 200w, https:\/\/makeupmanufacture.pl\/wp-content\/uploads\/2019\/07\/Oaza-Lencze-Historia-52-768x1152.jpg 768w, https:\/\/makeupmanufacture.pl\/wp-content\/uploads\/2019\/07\/Oaza-Lencze-Historia-52-624x936.jpg 624w, https:\/\/makeupmanufacture.pl\/wp-content\/uploads\/2019\/07\/Oaza-Lencze-Historia-52.jpg 1067w\" sizes=\"auto, (max-width: 625px) 100vw, 625px\" \/><\/a>\n\t\t\t<\/dt><\/dl><br style=\"clear: both\" \/><dl class='gallery-item'>\n\t\t\t<dt class='gallery-icon landscape'>\n\t\t\t\t<a href='https:\/\/makeupmanufacture.pl\/en\/5-slodkosci-dla-skory\/oaza-lencze-historia-50\/'><img loading=\"lazy\" decoding=\"async\" width=\"625\" height=\"417\" src=\"https:\/\/makeupmanufacture.pl\/wp-content\/uploads\/2019\/07\/Oaza-Lencze-Historia-50-1024x683.jpg\" class=\"attachment-large size-large\" alt=\"\" srcset=\"https:\/\/makeupmanufacture.pl\/wp-content\/uploads\/2019\/07\/Oaza-Lencze-Historia-50-1024x683.jpg 1024w, https:\/\/makeupmanufacture.pl\/wp-content\/uploads\/2019\/07\/Oaza-Lencze-Historia-50-300x200.jpg 300w, https:\/\/makeupmanufacture.pl\/wp-content\/uploads\/2019\/07\/Oaza-Lencze-Historia-50-768x512.jpg 768w, https:\/\/makeupmanufacture.pl\/wp-content\/uploads\/2019\/07\/Oaza-Lencze-Historia-50-624x416.jpg 624w, https:\/\/makeupmanufacture.pl\/wp-content\/uploads\/2019\/07\/Oaza-Lencze-Historia-50.jpg 1600w\" sizes=\"auto, (max-width: 625px) 100vw, 625px\" \/><\/a>\n\t\t\t<\/dt><\/dl><br style=\"clear: both\" \/><dl class='gallery-item'>\n\t\t\t<dt class='gallery-icon portrait'>\n\t\t\t\t<a href='https:\/\/makeupmanufacture.pl\/en\/5-slodkosci-dla-skory\/oaza-lencze-historia-45\/'><img loading=\"lazy\" decoding=\"async\" width=\"625\" height=\"937\" src=\"https:\/\/makeupmanufacture.pl\/wp-content\/uploads\/2019\/07\/Oaza-Lencze-Historia-45-683x1024.jpg\" class=\"attachment-large size-large\" alt=\"\" srcset=\"https:\/\/makeupmanufacture.pl\/wp-content\/uploads\/2019\/07\/Oaza-Lencze-Historia-45-683x1024.jpg 683w, https:\/\/makeupmanufacture.pl\/wp-content\/uploads\/2019\/07\/Oaza-Lencze-Historia-45-200x300.jpg 200w, https:\/\/makeupmanufacture.pl\/wp-content\/uploads\/2019\/07\/Oaza-Lencze-Historia-45-768x1152.jpg 768w, https:\/\/makeupmanufacture.pl\/wp-content\/uploads\/2019\/07\/Oaza-Lencze-Historia-45-624x936.jpg 624w, https:\/\/makeupmanufacture.pl\/wp-content\/uploads\/2019\/07\/Oaza-Lencze-Historia-45.jpg 1067w\" sizes=\"auto, (max-width: 625px) 100vw, 625px\" \/><\/a>\n\t\t\t<\/dt><\/dl><br style=\"clear: both\" \/><dl class='gallery-item'>\n\t\t\t<dt class='gallery-icon portrait'>\n\t\t\t\t<a href='https:\/\/makeupmanufacture.pl\/en\/5-slodkosci-dla-skory\/oaza-lencze-historia-43\/'><img loading=\"lazy\" decoding=\"async\" width=\"625\" height=\"937\" src=\"https:\/\/makeupmanufacture.pl\/wp-content\/uploads\/2019\/07\/Oaza-Lencze-Historia-43-683x1024.jpg\" class=\"attachment-large size-large\" alt=\"\" srcset=\"https:\/\/makeupmanufacture.pl\/wp-content\/uploads\/2019\/07\/Oaza-Lencze-Historia-43-683x1024.jpg 683w, https:\/\/makeupmanufacture.pl\/wp-content\/uploads\/2019\/07\/Oaza-Lencze-Historia-43-200x300.jpg 200w, https:\/\/makeupmanufacture.pl\/wp-content\/uploads\/2019\/07\/Oaza-Lencze-Historia-43-768x1152.jpg 768w, https:\/\/makeupmanufacture.pl\/wp-content\/uploads\/2019\/07\/Oaza-Lencze-Historia-43-624x936.jpg 624w, https:\/\/makeupmanufacture.pl\/wp-content\/uploads\/2019\/07\/Oaza-Lencze-Historia-43.jpg 1067w\" sizes=\"auto, (max-width: 625px) 100vw, 625px\" \/><\/a>\n\t\t\t<\/dt><\/dl><br style=\"clear: both\" \/><dl class='gallery-item'>\n\t\t\t<dt class='gallery-icon portrait'>\n\t\t\t\t<a href='https:\/\/makeupmanufacture.pl\/en\/makijaz-skrojony-na-miare\/oaza-lencze-historia-41\/'><img loading=\"lazy\" decoding=\"async\" width=\"625\" height=\"937\" src=\"https:\/\/makeupmanufacture.pl\/wp-content\/uploads\/2019\/07\/Oaza-Lencze-Historia-41-683x1024.jpg\" class=\"attachment-large size-large\" alt=\"\" srcset=\"https:\/\/makeupmanufacture.pl\/wp-content\/uploads\/2019\/07\/Oaza-Lencze-Historia-41-683x1024.jpg 683w, https:\/\/makeupmanufacture.pl\/wp-content\/uploads\/2019\/07\/Oaza-Lencze-Historia-41-200x300.jpg 200w, https:\/\/makeupmanufacture.pl\/wp-content\/uploads\/2019\/07\/Oaza-Lencze-Historia-41-768x1152.jpg 768w, https:\/\/makeupmanufacture.pl\/wp-content\/uploads\/2019\/07\/Oaza-Lencze-Historia-41-624x936.jpg 624w, https:\/\/makeupmanufacture.pl\/wp-content\/uploads\/2019\/07\/Oaza-Lencze-Historia-41.jpg 1067w\" sizes=\"auto, (max-width: 625px) 100vw, 625px\" \/><\/a>\n\t\t\t<\/dt><\/dl><br style=\"clear: both\" \/><dl class='gallery-item'>\n\t\t\t<dt class='gallery-icon landscape'>\n\t\t\t\t<a href='https:\/\/makeupmanufacture.pl\/en\/makijaz-skrojony-na-miare\/oaza-lencze-historia-24\/'><img loading=\"lazy\" decoding=\"async\" width=\"625\" height=\"416\" src=\"https:\/\/makeupmanufacture.pl\/wp-content\/uploads\/2019\/07\/Oaza-Lencze-Historia-24-1024x682.jpg\" class=\"attachment-large size-large\" alt=\"\" srcset=\"https:\/\/makeupmanufacture.pl\/wp-content\/uploads\/2019\/07\/Oaza-Lencze-Historia-24-1024x682.jpg 1024w, https:\/\/makeupmanufacture.pl\/wp-content\/uploads\/2019\/07\/Oaza-Lencze-Historia-24-300x200.jpg 300w, https:\/\/makeupmanufacture.pl\/wp-content\/uploads\/2019\/07\/Oaza-Lencze-Historia-24-768x512.jpg 768w, https:\/\/makeupmanufacture.pl\/wp-content\/uploads\/2019\/07\/Oaza-Lencze-Historia-24-624x416.jpg 624w, https:\/\/makeupmanufacture.pl\/wp-content\/uploads\/2019\/07\/Oaza-Lencze-Historia-24.jpg 1600w\" sizes=\"auto, (max-width: 625px) 100vw, 625px\" \/><\/a>\n\t\t\t<\/dt><\/dl><br style=\"clear: both\" \/><dl class='gallery-item'>\n\t\t\t<dt class='gallery-icon portrait'>\n\t\t\t\t<a href='https:\/\/makeupmanufacture.pl\/en\/makijaz-skrojony-na-miare\/oaza-lencze-historia-40\/'><img loading=\"lazy\" decoding=\"async\" width=\"625\" height=\"937\" src=\"https:\/\/makeupmanufacture.pl\/wp-content\/uploads\/2019\/07\/Oaza-Lencze-Historia-40-683x1024.jpg\" class=\"attachment-large size-large\" alt=\"\" srcset=\"https:\/\/makeupmanufacture.pl\/wp-content\/uploads\/2019\/07\/Oaza-Lencze-Historia-40-683x1024.jpg 683w, https:\/\/makeupmanufacture.pl\/wp-content\/uploads\/2019\/07\/Oaza-Lencze-Historia-40-200x300.jpg 200w, https:\/\/makeupmanufacture.pl\/wp-content\/uploads\/2019\/07\/Oaza-Lencze-Historia-40-768x1152.jpg 768w, https:\/\/makeupmanufacture.pl\/wp-content\/uploads\/2019\/07\/Oaza-Lencze-Historia-40-624x936.jpg 624w, https:\/\/makeupmanufacture.pl\/wp-content\/uploads\/2019\/07\/Oaza-Lencze-Historia-40.jpg 1067w\" sizes=\"auto, (max-width: 625px) 100vw, 625px\" \/><\/a>\n\t\t\t<\/dt><\/dl><br style=\"clear: both\" \/><dl class='gallery-item'>\n\t\t\t<dt class='gallery-icon portrait'>\n\t\t\t\t<a href='https:\/\/makeupmanufacture.pl\/en\/makijaz-skrojony-na-miare\/oaza-lencze-historia-31\/'><img loading=\"lazy\" decoding=\"async\" width=\"625\" height=\"937\" src=\"https:\/\/makeupmanufacture.pl\/wp-content\/uploads\/2019\/07\/Oaza-Lencze-Historia-31-683x1024.jpg\" class=\"attachment-large size-large\" alt=\"\" srcset=\"https:\/\/makeupmanufacture.pl\/wp-content\/uploads\/2019\/07\/Oaza-Lencze-Historia-31-683x1024.jpg 683w, https:\/\/makeupmanufacture.pl\/wp-content\/uploads\/2019\/07\/Oaza-Lencze-Historia-31-200x300.jpg 200w, https:\/\/makeupmanufacture.pl\/wp-content\/uploads\/2019\/07\/Oaza-Lencze-Historia-31-768x1152.jpg 768w, https:\/\/makeupmanufacture.pl\/wp-content\/uploads\/2019\/07\/Oaza-Lencze-Historia-31-624x936.jpg 624w, https:\/\/makeupmanufacture.pl\/wp-content\/uploads\/2019\/07\/Oaza-Lencze-Historia-31.jpg 1067w\" sizes=\"auto, (max-width: 625px) 100vw, 625px\" \/><\/a>\n\t\t\t<\/dt><\/dl><br style=\"clear: both\" \/><dl class='gallery-item'>\n\t\t\t<dt class='gallery-icon landscape'>\n\t\t\t\t<a href='https:\/\/makeupmanufacture.pl\/en\/makijaz-skrojony-na-miare\/oaza-lencze-historia-25\/'><img loading=\"lazy\" decoding=\"async\" width=\"625\" height=\"417\" src=\"https:\/\/makeupmanufacture.pl\/wp-content\/uploads\/2019\/07\/Oaza-Lencze-Historia-25-1024x683.jpg\" class=\"attachment-large size-large\" alt=\"\" srcset=\"https:\/\/makeupmanufacture.pl\/wp-content\/uploads\/2019\/07\/Oaza-Lencze-Historia-25-1024x683.jpg 1024w, https:\/\/makeupmanufacture.pl\/wp-content\/uploads\/2019\/07\/Oaza-Lencze-Historia-25-300x200.jpg 300w, https:\/\/makeupmanufacture.pl\/wp-content\/uploads\/2019\/07\/Oaza-Lencze-Historia-25-768x512.jpg 768w, https:\/\/makeupmanufacture.pl\/wp-content\/uploads\/2019\/07\/Oaza-Lencze-Historia-25-624x416.jpg 624w, https:\/\/makeupmanufacture.pl\/wp-content\/uploads\/2019\/07\/Oaza-Lencze-Historia-25.jpg 1600w\" sizes=\"auto, (max-width: 625px) 100vw, 625px\" \/><\/a>\n\t\t\t<\/dt><\/dl><br style=\"clear: both\" \/><dl class='gallery-item'>\n\t\t\t<dt class='gallery-icon portrait'>\n\t\t\t\t<a href='https:\/\/makeupmanufacture.pl\/en\/5-slodkosci-dla-skory\/oaza-lencze-historia-59\/'><img loading=\"lazy\" decoding=\"async\" width=\"625\" height=\"937\" src=\"https:\/\/makeupmanufacture.pl\/wp-content\/uploads\/2019\/07\/Oaza-Lencze-Historia-59-683x1024.jpg\" class=\"attachment-large size-large\" alt=\"\" srcset=\"https:\/\/makeupmanufacture.pl\/wp-content\/uploads\/2019\/07\/Oaza-Lencze-Historia-59-683x1024.jpg 683w, https:\/\/makeupmanufacture.pl\/wp-content\/uploads\/2019\/07\/Oaza-Lencze-Historia-59-200x300.jpg 200w, https:\/\/makeupmanufacture.pl\/wp-content\/uploads\/2019\/07\/Oaza-Lencze-Historia-59-768x1152.jpg 768w, https:\/\/makeupmanufacture.pl\/wp-content\/uploads\/2019\/07\/Oaza-Lencze-Historia-59-624x936.jpg 624w, https:\/\/makeupmanufacture.pl\/wp-content\/uploads\/2019\/07\/Oaza-Lencze-Historia-59.jpg 1067w\" sizes=\"auto, (max-width: 625px) 100vw, 625px\" \/><\/a>\n\t\t\t<\/dt><\/dl><br style=\"clear: both\" \/>\n\t\t<\/div>\n<\/p>","protected":false},"excerpt":{"rendered":"<p>Sorry, this entry is only available in Polski. CONCEPT: Bride Side Wedding Planner CONCEPT, PHOTOGRAPHY, RETOUCH: Damian \u0141ukasz Weddings VENUE: Oaza Le\u0144cze MODELS: Justyna Uboska i Pawe\u0142 Szczepanik FLOWERS: Bukiet Love MUA: Make-up Manufacture STATIONERY: Styletter JEWELLERY: Bizoe SWEETS: Ciastki &amp; Co MACRAME: Boski Minimalizm GOWN: Joanna Niemiec HAIR: Joanna Curzyd\u0142o &#8211; Rup Coiffeur RIBBONS: [&hellip;]<\/p>\n","protected":false},"author":1,"featured_media":3312,"parent":5,"menu_order":58,"comment_status":"closed","ping_status":"closed","template":"","meta":{"footnotes":""},"class_list":["post-3331","page","type-page","status-publish","has-post-thumbnail","hentry"],"acf":[],"yoast_head":"<!-- This site is optimized with the Yoast SEO plugin v27.3 - https:\/\/yoast.com\/product\/yoast-seo-wordpress\/ -->\n<title>Damian \u0141ukasz Weddings 2 - Make-up Manufacture<\/title>\n<meta name=\"robots\" content=\"index, follow, max-snippet:-1, max-image-preview:large, max-video-preview:-1\" \/>\n<link rel=\"canonical\" href=\"https:\/\/makeupmanufacture.pl\/en\/portfolio\/damian-lukasz-weddings-2\/\" \/>\n<meta property=\"og:locale\" content=\"en_US\" \/>\n<meta property=\"og:type\" content=\"article\" \/>\n<meta property=\"og:title\" content=\"Damian \u0141ukasz Weddings 2 - Make-up Manufacture\" \/>\n<meta property=\"og:description\" content=\"Sorry, this entry is only available in Polski. CONCEPT: Bride Side Wedding Planner CONCEPT, PHOTOGRAPHY, RETOUCH: Damian \u0141ukasz Weddings VENUE: Oaza Le\u0144cze MODELS: Justyna Uboska i Pawe\u0142 Szczepanik FLOWERS: Bukiet Love MUA: Make-up Manufacture STATIONERY: Styletter JEWELLERY: Bizoe SWEETS: Ciastki &amp; Co MACRAME: Boski Minimalizm GOWN: Joanna Niemiec HAIR: Joanna Curzyd\u0142o &#8211; Rup Coiffeur RIBBONS: [&hellip;]\" \/>\n<meta property=\"og:url\" content=\"https:\/\/makeupmanufacture.pl\/en\/portfolio\/damian-lukasz-weddings-2\/\" \/>\n<meta property=\"og:site_name\" content=\"Make-up Manufacture\" \/>\n<meta property=\"article:publisher\" content=\"https:\/\/www.facebook.com\/MakeUpManufacture\/\" \/>\n<meta property=\"article:modified_time\" content=\"2019-07-30T00:21:15+00:00\" \/>\n<meta property=\"og:image\" content=\"https:\/\/makeupmanufacture.pl\/wp-content\/uploads\/2019\/07\/Oaza-Lencze-Historia-52.jpg\" \/>\n\t<meta property=\"og:image:width\" content=\"1067\" \/>\n\t<meta property=\"og:image:height\" content=\"1600\" \/>\n\t<meta property=\"og:image:type\" content=\"image\/jpeg\" \/>\n<meta name=\"twitter:card\" content=\"summary_large_image\" \/>\n<script type=\"application\/ld+json\" class=\"yoast-schema-graph\">{\"@context\":\"https:\\\/\\\/schema.org\",\"@graph\":[{\"@type\":\"WebPage\",\"@id\":\"https:\\\/\\\/makeupmanufacture.pl\\\/en\\\/portfolio\\\/damian-lukasz-weddings-2\\\/\",\"url\":\"https:\\\/\\\/makeupmanufacture.pl\\\/en\\\/portfolio\\\/damian-lukasz-weddings-2\\\/\",\"name\":\"Damian \u0141ukasz Weddings 2 - Make-up Manufacture\",\"isPartOf\":{\"@id\":\"https:\\\/\\\/makeupmanufacture.pl\\\/en\\\/#website\"},\"primaryImageOfPage\":{\"@id\":\"https:\\\/\\\/makeupmanufacture.pl\\\/en\\\/portfolio\\\/damian-lukasz-weddings-2\\\/#primaryimage\"},\"image\":{\"@id\":\"https:\\\/\\\/makeupmanufacture.pl\\\/en\\\/portfolio\\\/damian-lukasz-weddings-2\\\/#primaryimage\"},\"thumbnailUrl\":\"https:\\\/\\\/makeupmanufacture.pl\\\/wp-content\\\/uploads\\\/2019\\\/07\\\/Oaza-Lencze-Historia-52.jpg\",\"datePublished\":\"2019-07-29T23:53:49+00:00\",\"dateModified\":\"2019-07-30T00:21:15+00:00\",\"breadcrumb\":{\"@id\":\"https:\\\/\\\/makeupmanufacture.pl\\\/en\\\/portfolio\\\/damian-lukasz-weddings-2\\\/#breadcrumb\"},\"inLanguage\":\"en-US\",\"potentialAction\":[{\"@type\":\"ReadAction\",\"target\":[[\"https:\\\/\\\/makeupmanufacture.pl\\\/en\\\/portfolio\\\/damian-lukasz-weddings-2\\\/\"]]}]},{\"@type\":\"ImageObject\",\"inLanguage\":\"en-US\",\"@id\":\"https:\\\/\\\/makeupmanufacture.pl\\\/en\\\/portfolio\\\/damian-lukasz-weddings-2\\\/#primaryimage\",\"url\":\"https:\\\/\\\/makeupmanufacture.pl\\\/wp-content\\\/uploads\\\/2019\\\/07\\\/Oaza-Lencze-Historia-52.jpg\",\"contentUrl\":\"https:\\\/\\\/makeupmanufacture.pl\\\/wp-content\\\/uploads\\\/2019\\\/07\\\/Oaza-Lencze-Historia-52.jpg\",\"width\":1067,\"height\":1600},{\"@type\":\"BreadcrumbList\",\"@id\":\"https:\\\/\\\/makeupmanufacture.pl\\\/en\\\/portfolio\\\/damian-lukasz-weddings-2\\\/#breadcrumb\",\"itemListElement\":[{\"@type\":\"ListItem\",\"position\":1,\"name\":\"Strona g\u0142\u00f3wna\",\"item\":\"https:\\\/\\\/makeupmanufacture.pl\\\/en\\\/\"},{\"@type\":\"ListItem\",\"position\":2,\"name\":\"Portfolio\",\"item\":\"https:\\\/\\\/makeupmanufacture.pl\\\/en\\\/portfolio\\\/\"},{\"@type\":\"ListItem\",\"position\":3,\"name\":\"Damian \u0141ukasz Weddings 2\"}]},{\"@type\":\"WebSite\",\"@id\":\"https:\\\/\\\/makeupmanufacture.pl\\\/en\\\/#website\",\"url\":\"https:\\\/\\\/makeupmanufacture.pl\\\/en\\\/\",\"name\":\"Make-up Manufacture\",\"description\":\"Kasia Wrona Make-up Artist\",\"potentialAction\":[{\"@type\":\"SearchAction\",\"target\":{\"@type\":\"EntryPoint\",\"urlTemplate\":\"https:\\\/\\\/makeupmanufacture.pl\\\/en\\\/?s={search_term_string}\"},\"query-input\":{\"@type\":\"PropertyValueSpecification\",\"valueRequired\":true,\"valueName\":\"search_term_string\"}}],\"inLanguage\":\"en-US\"}]}<\/script>\n<!-- \/ Yoast SEO plugin. -->","yoast_head_json":{"title":"Damian \u0141ukasz Weddings 2 - Make-up Manufacture","robots":{"index":"index","follow":"follow","max-snippet":"max-snippet:-1","max-image-preview":"max-image-preview:large","max-video-preview":"max-video-preview:-1"},"canonical":"https:\/\/makeupmanufacture.pl\/en\/portfolio\/damian-lukasz-weddings-2\/","og_locale":"en_US","og_type":"article","og_title":"Damian \u0141ukasz Weddings 2 - Make-up Manufacture","og_description":"Sorry, this entry is only available in Polski. CONCEPT: Bride Side Wedding Planner CONCEPT, PHOTOGRAPHY, RETOUCH: Damian \u0141ukasz Weddings VENUE: Oaza Le\u0144cze MODELS: Justyna Uboska i Pawe\u0142 Szczepanik FLOWERS: Bukiet Love MUA: Make-up Manufacture STATIONERY: Styletter JEWELLERY: Bizoe SWEETS: Ciastki &amp; Co MACRAME: Boski Minimalizm GOWN: Joanna Niemiec HAIR: Joanna Curzyd\u0142o &#8211; Rup Coiffeur RIBBONS: [&hellip;]","og_url":"https:\/\/makeupmanufacture.pl\/en\/portfolio\/damian-lukasz-weddings-2\/","og_site_name":"Make-up Manufacture","article_publisher":"https:\/\/www.facebook.com\/MakeUpManufacture\/","article_modified_time":"2019-07-30T00:21:15+00:00","og_image":[{"width":1067,"height":1600,"url":"https:\/\/makeupmanufacture.pl\/wp-content\/uploads\/2019\/07\/Oaza-Lencze-Historia-52.jpg","type":"image\/jpeg"}],"twitter_card":"summary_large_image","schema":{"@context":"https:\/\/schema.org","@graph":[{"@type":"WebPage","@id":"https:\/\/makeupmanufacture.pl\/en\/portfolio\/damian-lukasz-weddings-2\/","url":"https:\/\/makeupmanufacture.pl\/en\/portfolio\/damian-lukasz-weddings-2\/","name":"Damian \u0141ukasz Weddings 2 - Make-up Manufacture","isPartOf":{"@id":"https:\/\/makeupmanufacture.pl\/en\/#website"},"primaryImageOfPage":{"@id":"https:\/\/makeupmanufacture.pl\/en\/portfolio\/damian-lukasz-weddings-2\/#primaryimage"},"image":{"@id":"https:\/\/makeupmanufacture.pl\/en\/portfolio\/damian-lukasz-weddings-2\/#primaryimage"},"thumbnailUrl":"https:\/\/makeupmanufacture.pl\/wp-content\/uploads\/2019\/07\/Oaza-Lencze-Historia-52.jpg","datePublished":"2019-07-29T23:53:49+00:00","dateModified":"2019-07-30T00:21:15+00:00","breadcrumb":{"@id":"https:\/\/makeupmanufacture.pl\/en\/portfolio\/damian-lukasz-weddings-2\/#breadcrumb"},"inLanguage":"en-US","potentialAction":[{"@type":"ReadAction","target":[["https:\/\/makeupmanufacture.pl\/en\/portfolio\/damian-lukasz-weddings-2\/"]]}]},{"@type":"ImageObject","inLanguage":"en-US","@id":"https:\/\/makeupmanufacture.pl\/en\/portfolio\/damian-lukasz-weddings-2\/#primaryimage","url":"https:\/\/makeupmanufacture.pl\/wp-content\/uploads\/2019\/07\/Oaza-Lencze-Historia-52.jpg","contentUrl":"https:\/\/makeupmanufacture.pl\/wp-content\/uploads\/2019\/07\/Oaza-Lencze-Historia-52.jpg","width":1067,"height":1600},{"@type":"BreadcrumbList","@id":"https:\/\/makeupmanufacture.pl\/en\/portfolio\/damian-lukasz-weddings-2\/#breadcrumb","itemListElement":[{"@type":"ListItem","position":1,"name":"Strona g\u0142\u00f3wna","item":"https:\/\/makeupmanufacture.pl\/en\/"},{"@type":"ListItem","position":2,"name":"Portfolio","item":"https:\/\/makeupmanufacture.pl\/en\/portfolio\/"},{"@type":"ListItem","position":3,"name":"Damian \u0141ukasz Weddings 2"}]},{"@type":"WebSite","@id":"https:\/\/makeupmanufacture.pl\/en\/#website","url":"https:\/\/makeupmanufacture.pl\/en\/","name":"Make-up Manufacture","description":"Kasia Wrona Make-up Artist","potentialAction":[{"@type":"SearchAction","target":{"@type":"EntryPoint","urlTemplate":"https:\/\/makeupmanufacture.pl\/en\/?s={search_term_string}"},"query-input":{"@type":"PropertyValueSpecification","valueRequired":true,"valueName":"search_term_string"}}],"inLanguage":"en-US"}]}},"_links":{"self":[{"href":"https:\/\/makeupmanufacture.pl\/en\/wp-json\/wp\/v2\/pages\/3331","targetHints":{"allow":["GET"]}}],"collection":[{"href":"https:\/\/makeupmanufacture.pl\/en\/wp-json\/wp\/v2\/pages"}],"about":[{"href":"https:\/\/makeupmanufacture.pl\/en\/wp-json\/wp\/v2\/types\/page"}],"author":[{"embeddable":true,"href":"https:\/\/makeupmanufacture.pl\/en\/wp-json\/wp\/v2\/users\/1"}],"replies":[{"embeddable":true,"href":"https:\/\/makeupmanufacture.pl\/en\/wp-json\/wp\/v2\/comments?post=3331"}],"version-history":[{"count":3,"href":"https:\/\/makeupmanufacture.pl\/en\/wp-json\/wp\/v2\/pages\/3331\/revisions"}],"predecessor-version":[{"id":3351,"href":"https:\/\/makeupmanufacture.pl\/en\/wp-json\/wp\/v2\/pages\/3331\/revisions\/3351"}],"up":[{"embeddable":true,"href":"https:\/\/makeupmanufacture.pl\/en\/wp-json\/wp\/v2\/pages\/5"}],"wp:featuredmedia":[{"embeddable":true,"href":"https:\/\/makeupmanufacture.pl\/en\/wp-json\/wp\/v2\/media\/3312"}],"wp:attachment":[{"href":"https:\/\/makeupmanufacture.pl\/en\/wp-json\/wp\/v2\/media?parent=3331"}],"curies":[{"name":"wp","href":"https:\/\/api.w.org\/{rel}","templated":true}]}}