{"id":3334,"date":"2019-07-30T02:05:26","date_gmt":"2019-07-30T00:05:26","guid":{"rendered":"https:\/\/makeupmanufacture.pl\/?page_id=3334"},"modified":"2019-11-05T06:45:56","modified_gmt":"2019-11-05T05:45:56","slug":"wesele-1","status":"publish","type":"page","link":"https:\/\/makeupmanufacture.pl\/en\/portfolio\/wesele-1\/","title":{"rendered":"Wesele 1"},"content":{"rendered":"<p class=\"qtranxs-available-languages-message qtranxs-available-languages-message-en\">Sorry, this entry is only available in <a href=\"https:\/\/makeupmanufacture.pl\/pl\/wp-json\/wp\/v2\/pages\/3334\" class=\"qtranxs-available-language-link qtranxs-available-language-link-pl\" title=\"Polski\">Polski<\/a>.<\/p><p><\/p>\n<p style=\"text-align: center;\">PHOTO &amp; RETOUCH: \u0141UKASZ LIC \/ POZYTYWSTUDIO.COM<\/p>\n<p style=\"text-align: center;\">CONCEPT, MUA: KASIA WRONA \/ MAKE-UP MANUFACTURE<\/p>\n<p style=\"text-align: center;\">HAIR: PAULINA MENCNAROWSKA CHWA\u0141A \/ CHMIEST ACADEMY OF HAIR DESIGN<\/p>\n<p style=\"text-align: center;\">MUA ASSISTENT: SYLWIA LATA\u0141A<\/p>\n<p style=\"text-align: center;\">STYLE: GA\u0141CZY\u0143SKA &amp; SEIDEL<\/p>\n<p style=\"text-align: center;\">WREATHS: JUST IN NATURE<\/p>\n<p style=\"text-align: center;\">MODELS: GABI \/ UNITED, LIDKA BA\u015aCIUK<\/p>\n<p style=\"text-align: center;\">CLIENT: MAGAZYN WESELE<\/p>\n<p><div id='gallery-1' class='gallery galleryid-3334 gallery-columns-1 gallery-size-large'><dl class='gallery-item'>\n\t\t\t<dt class='gallery-icon portrait'>\n\t\t\t\t<a href='https:\/\/makeupmanufacture.pl\/en\/portfolio\/wesele-1\/zrzut-ekranu-2019-07-10-o-21-59-28\/'><img loading=\"lazy\" decoding=\"async\" width=\"625\" height=\"787\" src=\"https:\/\/makeupmanufacture.pl\/wp-content\/uploads\/2019\/07\/Zrzut-ekranu-2019-07-10-o-21.59.28-813x1024.png\" class=\"attachment-large size-large\" alt=\"\" srcset=\"https:\/\/makeupmanufacture.pl\/wp-content\/uploads\/2019\/07\/Zrzut-ekranu-2019-07-10-o-21.59.28-813x1024.png 813w, https:\/\/makeupmanufacture.pl\/wp-content\/uploads\/2019\/07\/Zrzut-ekranu-2019-07-10-o-21.59.28-238x300.png 238w, https:\/\/makeupmanufacture.pl\/wp-content\/uploads\/2019\/07\/Zrzut-ekranu-2019-07-10-o-21.59.28-768x967.png 768w, https:\/\/makeupmanufacture.pl\/wp-content\/uploads\/2019\/07\/Zrzut-ekranu-2019-07-10-o-21.59.28-624x786.png 624w, https:\/\/makeupmanufacture.pl\/wp-content\/uploads\/2019\/07\/Zrzut-ekranu-2019-07-10-o-21.59.28.png 1234w\" sizes=\"auto, (max-width: 625px) 100vw, 625px\" \/><\/a>\n\t\t\t<\/dt><\/dl><br style=\"clear: both\" \/><dl class='gallery-item'>\n\t\t\t<dt class='gallery-icon portrait'>\n\t\t\t\t<a href='https:\/\/makeupmanufacture.pl\/en\/portfolio\/wesele-1\/zrzut-ekranu-2019-07-10-o-21-59-06\/'><img loading=\"lazy\" decoding=\"async\" width=\"625\" height=\"786\" src=\"https:\/\/makeupmanufacture.pl\/wp-content\/uploads\/2019\/07\/Zrzut-ekranu-2019-07-10-o-21.59.06-814x1024.png\" class=\"attachment-large size-large\" alt=\"\" srcset=\"https:\/\/makeupmanufacture.pl\/wp-content\/uploads\/2019\/07\/Zrzut-ekranu-2019-07-10-o-21.59.06-814x1024.png 814w, https:\/\/makeupmanufacture.pl\/wp-content\/uploads\/2019\/07\/Zrzut-ekranu-2019-07-10-o-21.59.06-239x300.png 239w, https:\/\/makeupmanufacture.pl\/wp-content\/uploads\/2019\/07\/Zrzut-ekranu-2019-07-10-o-21.59.06-768x966.png 768w, https:\/\/makeupmanufacture.pl\/wp-content\/uploads\/2019\/07\/Zrzut-ekranu-2019-07-10-o-21.59.06-624x785.png 624w, https:\/\/makeupmanufacture.pl\/wp-content\/uploads\/2019\/07\/Zrzut-ekranu-2019-07-10-o-21.59.06.png 1234w\" sizes=\"auto, (max-width: 625px) 100vw, 625px\" \/><\/a>\n\t\t\t<\/dt><\/dl><br style=\"clear: both\" \/><dl class='gallery-item'>\n\t\t\t<dt class='gallery-icon portrait'>\n\t\t\t\t<a href='https:\/\/makeupmanufacture.pl\/en\/portfolio\/wesele-1\/wesele-5\/'><img loading=\"lazy\" decoding=\"async\" width=\"625\" height=\"937\" src=\"https:\/\/makeupmanufacture.pl\/wp-content\/uploads\/2019\/07\/Wesele-683x1024.jpg\" class=\"attachment-large size-large\" alt=\"\" srcset=\"https:\/\/makeupmanufacture.pl\/wp-content\/uploads\/2019\/07\/Wesele-683x1024.jpg 683w, https:\/\/makeupmanufacture.pl\/wp-content\/uploads\/2019\/07\/Wesele-200x300.jpg 200w, https:\/\/makeupmanufacture.pl\/wp-content\/uploads\/2019\/07\/Wesele-768x1152.jpg 768w, https:\/\/makeupmanufacture.pl\/wp-content\/uploads\/2019\/07\/Wesele-624x936.jpg 624w, https:\/\/makeupmanufacture.pl\/wp-content\/uploads\/2019\/07\/Wesele.jpg 1067w\" sizes=\"auto, (max-width: 625px) 100vw, 625px\" \/><\/a>\n\t\t\t<\/dt><\/dl><br style=\"clear: both\" \/><dl class='gallery-item'>\n\t\t\t<dt class='gallery-icon portrait'>\n\t\t\t\t<a href='https:\/\/makeupmanufacture.pl\/en\/portfolio\/wesele-1\/wesele-5-2\/'><img loading=\"lazy\" decoding=\"async\" width=\"625\" height=\"871\" src=\"https:\/\/makeupmanufacture.pl\/wp-content\/uploads\/2019\/07\/Wesele-5-735x1024.jpg\" class=\"attachment-large size-large\" alt=\"\" srcset=\"https:\/\/makeupmanufacture.pl\/wp-content\/uploads\/2019\/07\/Wesele-5-735x1024.jpg 735w, https:\/\/makeupmanufacture.pl\/wp-content\/uploads\/2019\/07\/Wesele-5-215x300.jpg 215w, https:\/\/makeupmanufacture.pl\/wp-content\/uploads\/2019\/07\/Wesele-5-768x1070.jpg 768w, https:\/\/makeupmanufacture.pl\/wp-content\/uploads\/2019\/07\/Wesele-5-624x870.jpg 624w, https:\/\/makeupmanufacture.pl\/wp-content\/uploads\/2019\/07\/Wesele-5.jpg 1148w\" sizes=\"auto, (max-width: 625px) 100vw, 625px\" \/><\/a>\n\t\t\t<\/dt><\/dl><br style=\"clear: both\" \/>\n\t\t<\/div>\n<\/p>","protected":false},"excerpt":{"rendered":"<p>Sorry, this entry is only available in Polski. PHOTO &amp; RETOUCH: \u0141UKASZ LIC \/ POZYTYWSTUDIO.COM CONCEPT, MUA: KASIA WRONA \/ MAKE-UP MANUFACTURE HAIR: PAULINA MENCNAROWSKA CHWA\u0141A \/ CHMIEST ACADEMY OF HAIR DESIGN MUA ASSISTENT: SYLWIA LATA\u0141A STYLE: GA\u0141CZY\u0143SKA &amp; SEIDEL WREATHS: JUST IN NATURE MODELS: GABI \/ UNITED, LIDKA BA\u015aCIUK CLIENT: MAGAZYN WESELE<\/p>\n","protected":false},"author":1,"featured_media":3342,"parent":5,"menu_order":57,"comment_status":"closed","ping_status":"closed","template":"","meta":{"footnotes":""},"class_list":["post-3334","page","type-page","status-publish","has-post-thumbnail","hentry"],"acf":[],"yoast_head":"<!-- This site is optimized with the Yoast SEO plugin v27.5 - https:\/\/yoast.com\/product\/yoast-seo-wordpress\/ -->\n<title>Wesele 1 - Make-up Manufacture<\/title>\n<meta name=\"robots\" content=\"index, follow, max-snippet:-1, max-image-preview:large, max-video-preview:-1\" \/>\n<link rel=\"canonical\" href=\"https:\/\/makeupmanufacture.pl\/en\/portfolio\/wesele-1\/\" \/>\n<meta property=\"og:locale\" content=\"en_US\" \/>\n<meta property=\"og:type\" content=\"article\" \/>\n<meta property=\"og:title\" content=\"Wesele 1 - Make-up Manufacture\" \/>\n<meta property=\"og:description\" content=\"Sorry, this entry is only available in Polski. PHOTO &amp; RETOUCH: \u0141UKASZ LIC \/ POZYTYWSTUDIO.COM CONCEPT, MUA: KASIA WRONA \/ MAKE-UP MANUFACTURE HAIR: PAULINA MENCNAROWSKA CHWA\u0141A \/ CHMIEST ACADEMY OF HAIR DESIGN MUA ASSISTENT: SYLWIA LATA\u0141A STYLE: GA\u0141CZY\u0143SKA &amp; SEIDEL WREATHS: JUST IN NATURE MODELS: GABI \/ UNITED, LIDKA BA\u015aCIUK CLIENT: MAGAZYN WESELE\" \/>\n<meta property=\"og:url\" content=\"https:\/\/makeupmanufacture.pl\/en\/portfolio\/wesele-1\/\" \/>\n<meta property=\"og:site_name\" content=\"Make-up Manufacture\" \/>\n<meta property=\"article:publisher\" content=\"https:\/\/www.facebook.com\/MakeUpManufacture\/\" \/>\n<meta property=\"article:modified_time\" content=\"2019-11-05T05:45:56+00:00\" \/>\n<meta property=\"og:image\" content=\"https:\/\/makeupmanufacture.pl\/wp-content\/uploads\/2019\/07\/Zrzut-ekranu-2019-07-10-o-21.59.28-813x1024.png\" \/>\n\t<meta property=\"og:image:width\" content=\"813\" \/>\n\t<meta property=\"og:image:height\" content=\"1024\" \/>\n\t<meta property=\"og:image:type\" content=\"image\/png\" \/>\n<meta name=\"twitter:card\" content=\"summary_large_image\" \/>\n<script type=\"application\/ld+json\" class=\"yoast-schema-graph\">{\"@context\":\"https:\\\/\\\/schema.org\",\"@graph\":[{\"@type\":\"WebPage\",\"@id\":\"https:\\\/\\\/makeupmanufacture.pl\\\/en\\\/portfolio\\\/wesele-1\\\/\",\"url\":\"https:\\\/\\\/makeupmanufacture.pl\\\/en\\\/portfolio\\\/wesele-1\\\/\",\"name\":\"Wesele 1 - Make-up Manufacture\",\"isPartOf\":{\"@id\":\"https:\\\/\\\/makeupmanufacture.pl\\\/en\\\/#website\"},\"primaryImageOfPage\":{\"@id\":\"https:\\\/\\\/makeupmanufacture.pl\\\/en\\\/portfolio\\\/wesele-1\\\/#primaryimage\"},\"image\":{\"@id\":\"https:\\\/\\\/makeupmanufacture.pl\\\/en\\\/portfolio\\\/wesele-1\\\/#primaryimage\"},\"thumbnailUrl\":\"https:\\\/\\\/makeupmanufacture.pl\\\/wp-content\\\/uploads\\\/2019\\\/07\\\/Zrzut-ekranu-2019-07-10-o-21.59.28.png\",\"datePublished\":\"2019-07-30T00:05:26+00:00\",\"dateModified\":\"2019-11-05T05:45:56+00:00\",\"breadcrumb\":{\"@id\":\"https:\\\/\\\/makeupmanufacture.pl\\\/en\\\/portfolio\\\/wesele-1\\\/#breadcrumb\"},\"inLanguage\":\"en-US\",\"potentialAction\":[{\"@type\":\"ReadAction\",\"target\":[[\"https:\\\/\\\/makeupmanufacture.pl\\\/en\\\/portfolio\\\/wesele-1\\\/\"]]}]},{\"@type\":\"ImageObject\",\"inLanguage\":\"en-US\",\"@id\":\"https:\\\/\\\/makeupmanufacture.pl\\\/en\\\/portfolio\\\/wesele-1\\\/#primaryimage\",\"url\":\"https:\\\/\\\/makeupmanufacture.pl\\\/wp-content\\\/uploads\\\/2019\\\/07\\\/Zrzut-ekranu-2019-07-10-o-21.59.28.png\",\"contentUrl\":\"https:\\\/\\\/makeupmanufacture.pl\\\/wp-content\\\/uploads\\\/2019\\\/07\\\/Zrzut-ekranu-2019-07-10-o-21.59.28.png\",\"width\":1234,\"height\":1554},{\"@type\":\"BreadcrumbList\",\"@id\":\"https:\\\/\\\/makeupmanufacture.pl\\\/en\\\/portfolio\\\/wesele-1\\\/#breadcrumb\",\"itemListElement\":[{\"@type\":\"ListItem\",\"position\":1,\"name\":\"Strona g\u0142\u00f3wna\",\"item\":\"https:\\\/\\\/makeupmanufacture.pl\\\/en\\\/\"},{\"@type\":\"ListItem\",\"position\":2,\"name\":\"Portfolio\",\"item\":\"https:\\\/\\\/makeupmanufacture.pl\\\/en\\\/portfolio\\\/\"},{\"@type\":\"ListItem\",\"position\":3,\"name\":\"Wesele 1\"}]},{\"@type\":\"WebSite\",\"@id\":\"https:\\\/\\\/makeupmanufacture.pl\\\/en\\\/#website\",\"url\":\"https:\\\/\\\/makeupmanufacture.pl\\\/en\\\/\",\"name\":\"Make-up Manufacture\",\"description\":\"Kasia Wrona Make-up Artist\",\"potentialAction\":[{\"@type\":\"SearchAction\",\"target\":{\"@type\":\"EntryPoint\",\"urlTemplate\":\"https:\\\/\\\/makeupmanufacture.pl\\\/en\\\/?s={search_term_string}\"},\"query-input\":{\"@type\":\"PropertyValueSpecification\",\"valueRequired\":true,\"valueName\":\"search_term_string\"}}],\"inLanguage\":\"en-US\"}]}<\/script>\n<!-- \/ Yoast SEO plugin. -->","yoast_head_json":{"title":"Wesele 1 - Make-up Manufacture","robots":{"index":"index","follow":"follow","max-snippet":"max-snippet:-1","max-image-preview":"max-image-preview:large","max-video-preview":"max-video-preview:-1"},"canonical":"https:\/\/makeupmanufacture.pl\/en\/portfolio\/wesele-1\/","og_locale":"en_US","og_type":"article","og_title":"Wesele 1 - Make-up Manufacture","og_description":"Sorry, this entry is only available in Polski. PHOTO &amp; RETOUCH: \u0141UKASZ LIC \/ POZYTYWSTUDIO.COM CONCEPT, MUA: KASIA WRONA \/ MAKE-UP MANUFACTURE HAIR: PAULINA MENCNAROWSKA CHWA\u0141A \/ CHMIEST ACADEMY OF HAIR DESIGN MUA ASSISTENT: SYLWIA LATA\u0141A STYLE: GA\u0141CZY\u0143SKA &amp; SEIDEL WREATHS: JUST IN NATURE MODELS: GABI \/ UNITED, LIDKA BA\u015aCIUK CLIENT: MAGAZYN WESELE","og_url":"https:\/\/makeupmanufacture.pl\/en\/portfolio\/wesele-1\/","og_site_name":"Make-up Manufacture","article_publisher":"https:\/\/www.facebook.com\/MakeUpManufacture\/","article_modified_time":"2019-11-05T05:45:56+00:00","og_image":[{"width":813,"height":1024,"url":"https:\/\/makeupmanufacture.pl\/wp-content\/uploads\/2019\/07\/Zrzut-ekranu-2019-07-10-o-21.59.28-813x1024.png","type":"image\/png"}],"twitter_card":"summary_large_image","schema":{"@context":"https:\/\/schema.org","@graph":[{"@type":"WebPage","@id":"https:\/\/makeupmanufacture.pl\/en\/portfolio\/wesele-1\/","url":"https:\/\/makeupmanufacture.pl\/en\/portfolio\/wesele-1\/","name":"Wesele 1 - Make-up Manufacture","isPartOf":{"@id":"https:\/\/makeupmanufacture.pl\/en\/#website"},"primaryImageOfPage":{"@id":"https:\/\/makeupmanufacture.pl\/en\/portfolio\/wesele-1\/#primaryimage"},"image":{"@id":"https:\/\/makeupmanufacture.pl\/en\/portfolio\/wesele-1\/#primaryimage"},"thumbnailUrl":"https:\/\/makeupmanufacture.pl\/wp-content\/uploads\/2019\/07\/Zrzut-ekranu-2019-07-10-o-21.59.28.png","datePublished":"2019-07-30T00:05:26+00:00","dateModified":"2019-11-05T05:45:56+00:00","breadcrumb":{"@id":"https:\/\/makeupmanufacture.pl\/en\/portfolio\/wesele-1\/#breadcrumb"},"inLanguage":"en-US","potentialAction":[{"@type":"ReadAction","target":[["https:\/\/makeupmanufacture.pl\/en\/portfolio\/wesele-1\/"]]}]},{"@type":"ImageObject","inLanguage":"en-US","@id":"https:\/\/makeupmanufacture.pl\/en\/portfolio\/wesele-1\/#primaryimage","url":"https:\/\/makeupmanufacture.pl\/wp-content\/uploads\/2019\/07\/Zrzut-ekranu-2019-07-10-o-21.59.28.png","contentUrl":"https:\/\/makeupmanufacture.pl\/wp-content\/uploads\/2019\/07\/Zrzut-ekranu-2019-07-10-o-21.59.28.png","width":1234,"height":1554},{"@type":"BreadcrumbList","@id":"https:\/\/makeupmanufacture.pl\/en\/portfolio\/wesele-1\/#breadcrumb","itemListElement":[{"@type":"ListItem","position":1,"name":"Strona g\u0142\u00f3wna","item":"https:\/\/makeupmanufacture.pl\/en\/"},{"@type":"ListItem","position":2,"name":"Portfolio","item":"https:\/\/makeupmanufacture.pl\/en\/portfolio\/"},{"@type":"ListItem","position":3,"name":"Wesele 1"}]},{"@type":"WebSite","@id":"https:\/\/makeupmanufacture.pl\/en\/#website","url":"https:\/\/makeupmanufacture.pl\/en\/","name":"Make-up Manufacture","description":"Kasia Wrona Make-up Artist","potentialAction":[{"@type":"SearchAction","target":{"@type":"EntryPoint","urlTemplate":"https:\/\/makeupmanufacture.pl\/en\/?s={search_term_string}"},"query-input":{"@type":"PropertyValueSpecification","valueRequired":true,"valueName":"search_term_string"}}],"inLanguage":"en-US"}]}},"_links":{"self":[{"href":"https:\/\/makeupmanufacture.pl\/en\/wp-json\/wp\/v2\/pages\/3334","targetHints":{"allow":["GET"]}}],"collection":[{"href":"https:\/\/makeupmanufacture.pl\/en\/wp-json\/wp\/v2\/pages"}],"about":[{"href":"https:\/\/makeupmanufacture.pl\/en\/wp-json\/wp\/v2\/types\/page"}],"author":[{"embeddable":true,"href":"https:\/\/makeupmanufacture.pl\/en\/wp-json\/wp\/v2\/users\/1"}],"replies":[{"embeddable":true,"href":"https:\/\/makeupmanufacture.pl\/en\/wp-json\/wp\/v2\/comments?post=3334"}],"version-history":[{"count":3,"href":"https:\/\/makeupmanufacture.pl\/en\/wp-json\/wp\/v2\/pages\/3334\/revisions"}],"predecessor-version":[{"id":3939,"href":"https:\/\/makeupmanufacture.pl\/en\/wp-json\/wp\/v2\/pages\/3334\/revisions\/3939"}],"up":[{"embeddable":true,"href":"https:\/\/makeupmanufacture.pl\/en\/wp-json\/wp\/v2\/pages\/5"}],"wp:featuredmedia":[{"embeddable":true,"href":"https:\/\/makeupmanufacture.pl\/en\/wp-json\/wp\/v2\/media\/3342"}],"wp:attachment":[{"href":"https:\/\/makeupmanufacture.pl\/en\/wp-json\/wp\/v2\/media?parent=3334"}],"curies":[{"name":"wp","href":"https:\/\/api.w.org\/{rel}","templated":true}]}}