{"id":3345,"date":"2019-07-30T02:06:20","date_gmt":"2019-07-30T00:06:20","guid":{"rendered":"https:\/\/makeupmanufacture.pl\/?page_id=3345"},"modified":"2019-11-05T06:46:13","modified_gmt":"2019-11-05T05:46:13","slug":"wesele-2","status":"publish","type":"page","link":"https:\/\/makeupmanufacture.pl\/en\/portfolio\/wesele-2\/","title":{"rendered":"Wesele 2"},"content":{"rendered":"<p class=\"qtranxs-available-languages-message qtranxs-available-languages-message-en\">Sorry, this entry is only available in <a href=\"https:\/\/makeupmanufacture.pl\/pl\/wp-json\/wp\/v2\/pages\/3345\" class=\"qtranxs-available-language-link qtranxs-available-language-link-pl\" title=\"Polski\">Polski<\/a>.<\/p><p><\/p>\n<p style=\"text-align: center;\">CONCEPT, MUA: KASIA WRONA \/ MAKE-UP MANUFACTURE<\/p>\n<p style=\"text-align: center;\">HAIR: PAULINA MENCNAROWSKA CHWA\u0141A \/ CHMIEST ACADEMY OF HAIR DESIGN<\/p>\n<p style=\"text-align: center;\">MUA ASSISTENT: SYLWIA LATA\u0141A<\/p>\n<p style=\"text-align: center;\">STYLE: GA\u0141CZY\u0143SKA &amp; SEIDEL<\/p>\n<p style=\"text-align: center;\">WREATHS: JUST IN NATURE<\/p>\n<p style=\"text-align: center;\">MODELS: GABI \/ UNITED, LIDKA BA\u015aCIUK<\/p>\n<p style=\"text-align: center;\">CLIENT: MAGAZYN WESELE<\/p>\n<p><div id='gallery-1' class='gallery galleryid-3345 gallery-columns-1 gallery-size-large'><dl class='gallery-item'>\n\t\t\t<dt class='gallery-icon portrait'>\n\t\t\t\t<a href='https:\/\/makeupmanufacture.pl\/en\/portfolio\/wesele-1\/wesele-2\/'><img loading=\"lazy\" decoding=\"async\" width=\"625\" height=\"1008\" src=\"https:\/\/makeupmanufacture.pl\/wp-content\/uploads\/2019\/07\/Wesele-2-635x1024.jpg\" class=\"attachment-large size-large\" alt=\"\" srcset=\"https:\/\/makeupmanufacture.pl\/wp-content\/uploads\/2019\/07\/Wesele-2-635x1024.jpg 635w, https:\/\/makeupmanufacture.pl\/wp-content\/uploads\/2019\/07\/Wesele-2-186x300.jpg 186w, https:\/\/makeupmanufacture.pl\/wp-content\/uploads\/2019\/07\/Wesele-2-768x1239.jpg 768w, https:\/\/makeupmanufacture.pl\/wp-content\/uploads\/2019\/07\/Wesele-2-624x1006.jpg 624w, https:\/\/makeupmanufacture.pl\/wp-content\/uploads\/2019\/07\/Wesele-2.jpg 992w\" sizes=\"auto, (max-width: 625px) 100vw, 625px\" \/><\/a>\n\t\t\t<\/dt><\/dl><br style=\"clear: both\" \/><dl class='gallery-item'>\n\t\t\t<dt class='gallery-icon portrait'>\n\t\t\t\t<a href='https:\/\/makeupmanufacture.pl\/en\/portfolio\/wesele-1\/wesele-1\/'><img loading=\"lazy\" decoding=\"async\" width=\"625\" height=\"937\" src=\"https:\/\/makeupmanufacture.pl\/wp-content\/uploads\/2019\/07\/Wesele-1-683x1024.jpg\" class=\"attachment-large size-large\" alt=\"\" srcset=\"https:\/\/makeupmanufacture.pl\/wp-content\/uploads\/2019\/07\/Wesele-1-683x1024.jpg 683w, https:\/\/makeupmanufacture.pl\/wp-content\/uploads\/2019\/07\/Wesele-1-200x300.jpg 200w, https:\/\/makeupmanufacture.pl\/wp-content\/uploads\/2019\/07\/Wesele-1-768x1152.jpg 768w, https:\/\/makeupmanufacture.pl\/wp-content\/uploads\/2019\/07\/Wesele-1-624x936.jpg 624w, https:\/\/makeupmanufacture.pl\/wp-content\/uploads\/2019\/07\/Wesele-1.jpg 1067w\" sizes=\"auto, (max-width: 625px) 100vw, 625px\" \/><\/a>\n\t\t\t<\/dt><\/dl><br style=\"clear: both\" \/><dl class='gallery-item'>\n\t\t\t<dt class='gallery-icon portrait'>\n\t\t\t\t<a href='https:\/\/makeupmanufacture.pl\/en\/portfolio\/wesele-1\/wesele-3\/'><img loading=\"lazy\" decoding=\"async\" width=\"625\" height=\"933\" src=\"https:\/\/makeupmanufacture.pl\/wp-content\/uploads\/2019\/07\/Wesele-3-686x1024.jpg\" class=\"attachment-large size-large\" alt=\"\" srcset=\"https:\/\/makeupmanufacture.pl\/wp-content\/uploads\/2019\/07\/Wesele-3-686x1024.jpg 686w, https:\/\/makeupmanufacture.pl\/wp-content\/uploads\/2019\/07\/Wesele-3-201x300.jpg 201w, https:\/\/makeupmanufacture.pl\/wp-content\/uploads\/2019\/07\/Wesele-3-768x1146.jpg 768w, https:\/\/makeupmanufacture.pl\/wp-content\/uploads\/2019\/07\/Wesele-3-624x931.jpg 624w, https:\/\/makeupmanufacture.pl\/wp-content\/uploads\/2019\/07\/Wesele-3.jpg 1072w\" sizes=\"auto, (max-width: 625px) 100vw, 625px\" \/><\/a>\n\t\t\t<\/dt><\/dl><br style=\"clear: both\" \/><dl class='gallery-item'>\n\t\t\t<dt class='gallery-icon portrait'>\n\t\t\t\t<a href='https:\/\/makeupmanufacture.pl\/en\/portfolio\/wesele-1\/wesele-4\/'><img loading=\"lazy\" decoding=\"async\" width=\"625\" height=\"951\" src=\"https:\/\/makeupmanufacture.pl\/wp-content\/uploads\/2019\/07\/Wesele-4-673x1024.jpg\" class=\"attachment-large size-large\" alt=\"\" srcset=\"https:\/\/makeupmanufacture.pl\/wp-content\/uploads\/2019\/07\/Wesele-4-673x1024.jpg 673w, https:\/\/makeupmanufacture.pl\/wp-content\/uploads\/2019\/07\/Wesele-4-197x300.jpg 197w, https:\/\/makeupmanufacture.pl\/wp-content\/uploads\/2019\/07\/Wesele-4-768x1169.jpg 768w, https:\/\/makeupmanufacture.pl\/wp-content\/uploads\/2019\/07\/Wesele-4-624x950.jpg 624w, https:\/\/makeupmanufacture.pl\/wp-content\/uploads\/2019\/07\/Wesele-4.jpg 1051w\" sizes=\"auto, (max-width: 625px) 100vw, 625px\" \/><\/a>\n\t\t\t<\/dt><\/dl><br style=\"clear: both\" \/><dl class='gallery-item'>\n\t\t\t<dt class='gallery-icon portrait'>\n\t\t\t\t<a href='https:\/\/makeupmanufacture.pl\/en\/portfolio\/wesele-2\/zrzut-ekranu-2019-07-29-o-17-07-44\/'><img loading=\"lazy\" decoding=\"async\" width=\"625\" height=\"786\" src=\"https:\/\/makeupmanufacture.pl\/wp-content\/uploads\/2019\/07\/Zrzut-ekranu-2019-07-29-o-17.07.44-814x1024.png\" class=\"attachment-large size-large\" alt=\"\" srcset=\"https:\/\/makeupmanufacture.pl\/wp-content\/uploads\/2019\/07\/Zrzut-ekranu-2019-07-29-o-17.07.44-814x1024.png 814w, https:\/\/makeupmanufacture.pl\/wp-content\/uploads\/2019\/07\/Zrzut-ekranu-2019-07-29-o-17.07.44-238x300.png 238w, https:\/\/makeupmanufacture.pl\/wp-content\/uploads\/2019\/07\/Zrzut-ekranu-2019-07-29-o-17.07.44-768x966.png 768w, https:\/\/makeupmanufacture.pl\/wp-content\/uploads\/2019\/07\/Zrzut-ekranu-2019-07-29-o-17.07.44-624x785.png 624w, https:\/\/makeupmanufacture.pl\/wp-content\/uploads\/2019\/07\/Zrzut-ekranu-2019-07-29-o-17.07.44.png 1232w\" sizes=\"auto, (max-width: 625px) 100vw, 625px\" \/><\/a>\n\t\t\t<\/dt><\/dl><br style=\"clear: both\" \/>\n\t\t<\/div>\n<\/p>","protected":false},"excerpt":{"rendered":"<p>Sorry, this entry is only available in Polski. CONCEPT, MUA: KASIA WRONA \/ MAKE-UP MANUFACTURE HAIR: PAULINA MENCNAROWSKA CHWA\u0141A \/ CHMIEST ACADEMY OF HAIR DESIGN MUA ASSISTENT: SYLWIA LATA\u0141A STYLE: GA\u0141CZY\u0143SKA &amp; SEIDEL WREATHS: JUST IN NATURE MODELS: GABI \/ UNITED, LIDKA BA\u015aCIUK CLIENT: MAGAZYN WESELE<\/p>\n","protected":false},"author":1,"featured_media":3347,"parent":5,"menu_order":59,"comment_status":"closed","ping_status":"closed","template":"","meta":{"footnotes":""},"class_list":["post-3345","page","type-page","status-publish","has-post-thumbnail","hentry"],"acf":[],"yoast_head":"<!-- This site is optimized with the Yoast SEO plugin v27.5 - https:\/\/yoast.com\/product\/yoast-seo-wordpress\/ -->\n<title>Wesele 2 - Make-up Manufacture<\/title>\n<meta name=\"robots\" content=\"index, follow, max-snippet:-1, max-image-preview:large, max-video-preview:-1\" \/>\n<link rel=\"canonical\" href=\"https:\/\/makeupmanufacture.pl\/en\/portfolio\/wesele-2\/\" \/>\n<meta property=\"og:locale\" content=\"en_US\" \/>\n<meta property=\"og:type\" content=\"article\" \/>\n<meta property=\"og:title\" content=\"Wesele 2 - Make-up Manufacture\" \/>\n<meta property=\"og:description\" content=\"Sorry, this entry is only available in Polski. CONCEPT, MUA: KASIA WRONA \/ MAKE-UP MANUFACTURE HAIR: PAULINA MENCNAROWSKA CHWA\u0141A \/ CHMIEST ACADEMY OF HAIR DESIGN MUA ASSISTENT: SYLWIA LATA\u0141A STYLE: GA\u0141CZY\u0143SKA &amp; SEIDEL WREATHS: JUST IN NATURE MODELS: GABI \/ UNITED, LIDKA BA\u015aCIUK CLIENT: MAGAZYN WESELE\" \/>\n<meta property=\"og:url\" content=\"https:\/\/makeupmanufacture.pl\/en\/portfolio\/wesele-2\/\" \/>\n<meta property=\"og:site_name\" content=\"Make-up Manufacture\" \/>\n<meta property=\"article:publisher\" content=\"https:\/\/www.facebook.com\/MakeUpManufacture\/\" \/>\n<meta property=\"article:modified_time\" content=\"2019-11-05T05:46:13+00:00\" \/>\n<meta property=\"og:image\" content=\"https:\/\/makeupmanufacture.pl\/wp-content\/uploads\/2019\/07\/Zrzut-ekranu-2019-07-29-o-17.07.44.png\" \/>\n\t<meta property=\"og:image:width\" content=\"1232\" \/>\n\t<meta property=\"og:image:height\" content=\"1550\" \/>\n\t<meta property=\"og:image:type\" content=\"image\/png\" \/>\n<meta name=\"twitter:card\" content=\"summary_large_image\" \/>\n<script type=\"application\/ld+json\" class=\"yoast-schema-graph\">{\"@context\":\"https:\\\/\\\/schema.org\",\"@graph\":[{\"@type\":\"WebPage\",\"@id\":\"https:\\\/\\\/makeupmanufacture.pl\\\/en\\\/portfolio\\\/wesele-2\\\/\",\"url\":\"https:\\\/\\\/makeupmanufacture.pl\\\/en\\\/portfolio\\\/wesele-2\\\/\",\"name\":\"Wesele 2 - Make-up Manufacture\",\"isPartOf\":{\"@id\":\"https:\\\/\\\/makeupmanufacture.pl\\\/en\\\/#website\"},\"primaryImageOfPage\":{\"@id\":\"https:\\\/\\\/makeupmanufacture.pl\\\/en\\\/portfolio\\\/wesele-2\\\/#primaryimage\"},\"image\":{\"@id\":\"https:\\\/\\\/makeupmanufacture.pl\\\/en\\\/portfolio\\\/wesele-2\\\/#primaryimage\"},\"thumbnailUrl\":\"https:\\\/\\\/makeupmanufacture.pl\\\/wp-content\\\/uploads\\\/2019\\\/07\\\/Zrzut-ekranu-2019-07-29-o-17.07.44.png\",\"datePublished\":\"2019-07-30T00:06:20+00:00\",\"dateModified\":\"2019-11-05T05:46:13+00:00\",\"breadcrumb\":{\"@id\":\"https:\\\/\\\/makeupmanufacture.pl\\\/en\\\/portfolio\\\/wesele-2\\\/#breadcrumb\"},\"inLanguage\":\"en-US\",\"potentialAction\":[{\"@type\":\"ReadAction\",\"target\":[[\"https:\\\/\\\/makeupmanufacture.pl\\\/en\\\/portfolio\\\/wesele-2\\\/\"]]}]},{\"@type\":\"ImageObject\",\"inLanguage\":\"en-US\",\"@id\":\"https:\\\/\\\/makeupmanufacture.pl\\\/en\\\/portfolio\\\/wesele-2\\\/#primaryimage\",\"url\":\"https:\\\/\\\/makeupmanufacture.pl\\\/wp-content\\\/uploads\\\/2019\\\/07\\\/Zrzut-ekranu-2019-07-29-o-17.07.44.png\",\"contentUrl\":\"https:\\\/\\\/makeupmanufacture.pl\\\/wp-content\\\/uploads\\\/2019\\\/07\\\/Zrzut-ekranu-2019-07-29-o-17.07.44.png\",\"width\":1232,\"height\":1550},{\"@type\":\"BreadcrumbList\",\"@id\":\"https:\\\/\\\/makeupmanufacture.pl\\\/en\\\/portfolio\\\/wesele-2\\\/#breadcrumb\",\"itemListElement\":[{\"@type\":\"ListItem\",\"position\":1,\"name\":\"Strona g\u0142\u00f3wna\",\"item\":\"https:\\\/\\\/makeupmanufacture.pl\\\/en\\\/\"},{\"@type\":\"ListItem\",\"position\":2,\"name\":\"Portfolio\",\"item\":\"https:\\\/\\\/makeupmanufacture.pl\\\/en\\\/portfolio\\\/\"},{\"@type\":\"ListItem\",\"position\":3,\"name\":\"Wesele 2\"}]},{\"@type\":\"WebSite\",\"@id\":\"https:\\\/\\\/makeupmanufacture.pl\\\/en\\\/#website\",\"url\":\"https:\\\/\\\/makeupmanufacture.pl\\\/en\\\/\",\"name\":\"Make-up Manufacture\",\"description\":\"Kasia Wrona Make-up Artist\",\"potentialAction\":[{\"@type\":\"SearchAction\",\"target\":{\"@type\":\"EntryPoint\",\"urlTemplate\":\"https:\\\/\\\/makeupmanufacture.pl\\\/en\\\/?s={search_term_string}\"},\"query-input\":{\"@type\":\"PropertyValueSpecification\",\"valueRequired\":true,\"valueName\":\"search_term_string\"}}],\"inLanguage\":\"en-US\"}]}<\/script>\n<!-- \/ Yoast SEO plugin. -->","yoast_head_json":{"title":"Wesele 2 - Make-up Manufacture","robots":{"index":"index","follow":"follow","max-snippet":"max-snippet:-1","max-image-preview":"max-image-preview:large","max-video-preview":"max-video-preview:-1"},"canonical":"https:\/\/makeupmanufacture.pl\/en\/portfolio\/wesele-2\/","og_locale":"en_US","og_type":"article","og_title":"Wesele 2 - Make-up Manufacture","og_description":"Sorry, this entry is only available in Polski. CONCEPT, MUA: KASIA WRONA \/ MAKE-UP MANUFACTURE HAIR: PAULINA MENCNAROWSKA CHWA\u0141A \/ CHMIEST ACADEMY OF HAIR DESIGN MUA ASSISTENT: SYLWIA LATA\u0141A STYLE: GA\u0141CZY\u0143SKA &amp; SEIDEL WREATHS: JUST IN NATURE MODELS: GABI \/ UNITED, LIDKA BA\u015aCIUK CLIENT: MAGAZYN WESELE","og_url":"https:\/\/makeupmanufacture.pl\/en\/portfolio\/wesele-2\/","og_site_name":"Make-up Manufacture","article_publisher":"https:\/\/www.facebook.com\/MakeUpManufacture\/","article_modified_time":"2019-11-05T05:46:13+00:00","og_image":[{"width":1232,"height":1550,"url":"https:\/\/makeupmanufacture.pl\/wp-content\/uploads\/2019\/07\/Zrzut-ekranu-2019-07-29-o-17.07.44.png","type":"image\/png"}],"twitter_card":"summary_large_image","schema":{"@context":"https:\/\/schema.org","@graph":[{"@type":"WebPage","@id":"https:\/\/makeupmanufacture.pl\/en\/portfolio\/wesele-2\/","url":"https:\/\/makeupmanufacture.pl\/en\/portfolio\/wesele-2\/","name":"Wesele 2 - Make-up Manufacture","isPartOf":{"@id":"https:\/\/makeupmanufacture.pl\/en\/#website"},"primaryImageOfPage":{"@id":"https:\/\/makeupmanufacture.pl\/en\/portfolio\/wesele-2\/#primaryimage"},"image":{"@id":"https:\/\/makeupmanufacture.pl\/en\/portfolio\/wesele-2\/#primaryimage"},"thumbnailUrl":"https:\/\/makeupmanufacture.pl\/wp-content\/uploads\/2019\/07\/Zrzut-ekranu-2019-07-29-o-17.07.44.png","datePublished":"2019-07-30T00:06:20+00:00","dateModified":"2019-11-05T05:46:13+00:00","breadcrumb":{"@id":"https:\/\/makeupmanufacture.pl\/en\/portfolio\/wesele-2\/#breadcrumb"},"inLanguage":"en-US","potentialAction":[{"@type":"ReadAction","target":[["https:\/\/makeupmanufacture.pl\/en\/portfolio\/wesele-2\/"]]}]},{"@type":"ImageObject","inLanguage":"en-US","@id":"https:\/\/makeupmanufacture.pl\/en\/portfolio\/wesele-2\/#primaryimage","url":"https:\/\/makeupmanufacture.pl\/wp-content\/uploads\/2019\/07\/Zrzut-ekranu-2019-07-29-o-17.07.44.png","contentUrl":"https:\/\/makeupmanufacture.pl\/wp-content\/uploads\/2019\/07\/Zrzut-ekranu-2019-07-29-o-17.07.44.png","width":1232,"height":1550},{"@type":"BreadcrumbList","@id":"https:\/\/makeupmanufacture.pl\/en\/portfolio\/wesele-2\/#breadcrumb","itemListElement":[{"@type":"ListItem","position":1,"name":"Strona g\u0142\u00f3wna","item":"https:\/\/makeupmanufacture.pl\/en\/"},{"@type":"ListItem","position":2,"name":"Portfolio","item":"https:\/\/makeupmanufacture.pl\/en\/portfolio\/"},{"@type":"ListItem","position":3,"name":"Wesele 2"}]},{"@type":"WebSite","@id":"https:\/\/makeupmanufacture.pl\/en\/#website","url":"https:\/\/makeupmanufacture.pl\/en\/","name":"Make-up Manufacture","description":"Kasia Wrona Make-up Artist","potentialAction":[{"@type":"SearchAction","target":{"@type":"EntryPoint","urlTemplate":"https:\/\/makeupmanufacture.pl\/en\/?s={search_term_string}"},"query-input":{"@type":"PropertyValueSpecification","valueRequired":true,"valueName":"search_term_string"}}],"inLanguage":"en-US"}]}},"_links":{"self":[{"href":"https:\/\/makeupmanufacture.pl\/en\/wp-json\/wp\/v2\/pages\/3345","targetHints":{"allow":["GET"]}}],"collection":[{"href":"https:\/\/makeupmanufacture.pl\/en\/wp-json\/wp\/v2\/pages"}],"about":[{"href":"https:\/\/makeupmanufacture.pl\/en\/wp-json\/wp\/v2\/types\/page"}],"author":[{"embeddable":true,"href":"https:\/\/makeupmanufacture.pl\/en\/wp-json\/wp\/v2\/users\/1"}],"replies":[{"embeddable":true,"href":"https:\/\/makeupmanufacture.pl\/en\/wp-json\/wp\/v2\/comments?post=3345"}],"version-history":[{"count":4,"href":"https:\/\/makeupmanufacture.pl\/en\/wp-json\/wp\/v2\/pages\/3345\/revisions"}],"predecessor-version":[{"id":3940,"href":"https:\/\/makeupmanufacture.pl\/en\/wp-json\/wp\/v2\/pages\/3345\/revisions\/3940"}],"up":[{"embeddable":true,"href":"https:\/\/makeupmanufacture.pl\/en\/wp-json\/wp\/v2\/pages\/5"}],"wp:featuredmedia":[{"embeddable":true,"href":"https:\/\/makeupmanufacture.pl\/en\/wp-json\/wp\/v2\/media\/3347"}],"wp:attachment":[{"href":"https:\/\/makeupmanufacture.pl\/en\/wp-json\/wp\/v2\/media?parent=3345"}],"curies":[{"name":"wp","href":"https:\/\/api.w.org\/{rel}","templated":true}]}}