{"id":3423,"date":"2019-08-10T20:59:31","date_gmt":"2019-08-10T18:59:31","guid":{"rendered":"https:\/\/makeupmanufacture.pl\/?page_id=3423"},"modified":"2019-08-10T20:59:31","modified_gmt":"2019-08-10T18:59:31","slug":"przetwarzanie-danych-osobowych","status":"publish","type":"page","link":"https:\/\/makeupmanufacture.pl\/en\/kontakt\/przetwarzanie-danych-osobowych\/","title":{"rendered":"Przetwarzanie danych osobowych"},"content":{"rendered":"<p class=\"qtranxs-available-languages-message qtranxs-available-languages-message-en\">Sorry, this entry is only available in <a href=\"https:\/\/makeupmanufacture.pl\/pl\/wp-json\/wp\/v2\/pages\/3423\" class=\"qtranxs-available-language-link qtranxs-available-language-link-pl\" title=\"Polski\">Polski<\/a>.<\/p><p><strong>Administratorem<\/strong> Twoich danych osobowych b\u0119dzie Katarzyna Wrona-Bogacz, ul. Piltza 34, 30-392 Krak\u00f3w, e-mail: makeup.manufacture@gmail.com<\/p>\n<p>Podstaw\u0105 prawn\u0105 przetwarzania Twoich danych osobowych b\u0119dzie Twoja zgoda, kt\u00f3r\u0105 wyrazi\u0142e\u015b, zaznaczaj\u0105c stosowne checkboxy w formulrzu zapisu do newslettera, a kt\u00f3r\u0105 potwierdzisz, klikaj\u0105c w powy\u017cszy link.<\/p>\n<p>Twoje dane b\u0119d\u0105 przetwarzane przez czas funkcjonowania newslettera, chyba \u017ce wcze\u015bniej zrezygnujesz z jego otrzymywania, co spowoduje usuni\u0119cie danych z bazy.<\/p>\n<p>B\u0119dziesz mie\u0107 prawo \u017c\u0105dania dost\u0119pu do swoich danych osobowych oraz do ich sprostowania, usuni\u0119cia lub ograniczenia przetwarzania lub prawo do wniesienia sprzeciwu wobec przetwarzania, a\u00a0tak\u017ce prawo do przenoszenia danych \u2013 na zasadach okre\u015blonych w art. 16 \u2013 21 RODO.<\/p>\n<p>W ka\u017cdej chwili b\u0119dziesz m\u00f3g\u0142 zrezygnowa\u0107 z otrzymywania newslettera.<\/p>\n<p>Je\u017celi uznasz, \u017ce Twoje dane s\u0105 przetwarzane niezgodnie z przepisami prawa, b\u0119dziesz m\u00f3g\u0142 wnie\u015b\u0107 skarg\u0119 do organu nadzorczego.<\/p>\n<p>Podanie danych jest dobrowolne, ale niezb\u0119dne, by otrzymywa\u0107 newsletter.<\/p>\n<p><strong>Dane osobowe<\/strong> zbierane przez Make-up Manufacture s\u0105 przetwarzane zgodnie z\u00a0Rozporz\u0105dzeniem Parlamentu Europejskiego i\u00a0Rady (UE) 2016\/679 z\u00a0dnia 27 kwietnia 2016 r. w\u00a0sprawie ochrony os\u00f3b fizycznych w\u00a0zwi\u0105zku z\u00a0przetwarzaniem danych osobowych i\u00a0w sprawie swobodnego przep\u0142ywu takich danych oraz uchylenia dyrektywy 95\/46\/WE (og\u00f3lne rozporz\u0105dzenie o\u00a0ochronie danych), zwane r\u00f3wnie\u017c RODO.<\/p>\n<p>Make-up Manufacture dok\u0142ada szczeg\u00f3lnej staranno\u015bci do poszanowania prywatno\u015bci Klient\u00f3w odwiedzaj\u0105cych <a href=\"http:\/\/www.makeupmanufacture.pl\">www.makeupmanufacture.pl<\/a><\/p>\n<p>W przypadku, gdy podstaw\u0105 przetwarzania danych osobowych jest zgoda w\u00f3wczas dane osobowe Klienta przetwarzane s\u0105 przez Make-up Manufacture tak d\u0142ugo, a\u017c zgoda nie zostanie odwo\u0142ana.<\/p>\n<p>Klient ma prawo do cofni\u0119cia ka\u017cdej zgody jakiej udzieli\u0142, cofni\u0119cie zgody nie poci\u0105ga za sob\u0105 dla Klienta \u017cadnych negatywnych konsekwencji, mo\u017ce jednak uniemo\u017cliwi\u0107 dalsze korzystanie z\u00a0us\u0142ug lub funkcjonalno\u015bci, kt\u00f3re zgodnie z\u00a0prawem Make-up Manufacture mo\u017ce \u015bwiadczy\u0107 jedynie za zgod\u0105. Klient ma prawo do \u017c\u0105dania usuni\u0119cia wszystkich lub niekt\u00f3rych danych osobowych. Klient ma prawo do \u017c\u0105dania ograniczenia przetwarzania jego danych osobowych. Klient ma prawo uzyska\u0107 od Administratora potwierdzenie, czy przetwarza dane osobowe. Klient ma prawo do \u017c\u0105dania od Administratora niezw\u0142ocznego sprostowania dotycz\u0105cych jego danych osobowych, kt\u00f3re s\u0105 nieprawid\u0142owe. Klient ma prawo otrzyma\u0107 swoje dane osobowe, kt\u00f3re dostarczy\u0142 Administratorowi, a\u00a0nast\u0119pnie przes\u0142a\u0107 je do innego, wybranego przez siebie, administratora danych osobowych. Klient mo\u017ce zg\u0142asza\u0107 do Administratora skargi, zapytania i\u00a0wnioski dotycz\u0105ce przetwarzana jego danych osobowych oraz realizacji przys\u0142uguj\u0105cych mu uprawnie\u0144.<\/p>\n<p>&nbsp;<\/p>","protected":false},"excerpt":{"rendered":"<p>Sorry, this entry is only available in Polski.Administratorem Twoich danych osobowych b\u0119dzie Katarzyna Wrona-Bogacz, ul. Piltza 34, 30-392 Krak\u00f3w, e-mail: makeup.manufacture@gmail.com Podstaw\u0105 prawn\u0105 przetwarzania Twoich danych osobowych b\u0119dzie Twoja zgoda, kt\u00f3r\u0105 wyrazi\u0142e\u015b, zaznaczaj\u0105c stosowne checkboxy w formulrzu zapisu do newslettera, a kt\u00f3r\u0105 potwierdzisz, klikaj\u0105c w powy\u017cszy link. Twoje dane b\u0119d\u0105 przetwarzane przez czas funkcjonowania newslettera, [&hellip;]<\/p>\n","protected":false},"author":1,"featured_media":0,"parent":11,"menu_order":0,"comment_status":"closed","ping_status":"closed","template":"","meta":{"footnotes":""},"class_list":["post-3423","page","type-page","status-publish","hentry"],"acf":[],"yoast_head":"<!-- This site is optimized with the Yoast SEO plugin v27.3 - https:\/\/yoast.com\/product\/yoast-seo-wordpress\/ -->\n<title>Przetwarzanie danych osobowych - Make-up Manufacture<\/title>\n<meta name=\"robots\" content=\"index, follow, max-snippet:-1, max-image-preview:large, max-video-preview:-1\" \/>\n<link rel=\"canonical\" href=\"https:\/\/makeupmanufacture.pl\/en\/kontakt\/przetwarzanie-danych-osobowych\/\" \/>\n<meta property=\"og:locale\" content=\"en_US\" \/>\n<meta property=\"og:type\" content=\"article\" \/>\n<meta property=\"og:title\" content=\"Przetwarzanie danych osobowych - Make-up Manufacture\" \/>\n<meta property=\"og:description\" content=\"Sorry, this entry is only available in Polski.Administratorem Twoich danych osobowych b\u0119dzie Katarzyna Wrona-Bogacz, ul. Piltza 34, 30-392 Krak\u00f3w, e-mail: makeup.manufacture@gmail.com Podstaw\u0105 prawn\u0105 przetwarzania Twoich danych osobowych b\u0119dzie Twoja zgoda, kt\u00f3r\u0105 wyrazi\u0142e\u015b, zaznaczaj\u0105c stosowne checkboxy w formulrzu zapisu do newslettera, a kt\u00f3r\u0105 potwierdzisz, klikaj\u0105c w powy\u017cszy link. Twoje dane b\u0119d\u0105 przetwarzane przez czas funkcjonowania newslettera, [&hellip;]\" \/>\n<meta property=\"og:url\" content=\"https:\/\/makeupmanufacture.pl\/en\/kontakt\/przetwarzanie-danych-osobowych\/\" \/>\n<meta property=\"og:site_name\" content=\"Make-up Manufacture\" \/>\n<meta property=\"article:publisher\" content=\"https:\/\/www.facebook.com\/MakeUpManufacture\/\" \/>\n<meta property=\"og:image\" content=\"https:\/\/makeupmanufacture.pl\/wp-content\/uploads\/2021\/01\/IMG_9994-1.jpeg\" \/>\n\t<meta property=\"og:image:width\" content=\"1242\" \/>\n\t<meta property=\"og:image:height\" content=\"1242\" \/>\n\t<meta property=\"og:image:type\" content=\"image\/jpeg\" \/>\n<meta name=\"twitter:card\" content=\"summary_large_image\" \/>\n<meta name=\"twitter:label1\" content=\"Est. reading time\" \/>\n\t<meta name=\"twitter:data1\" content=\"2 minutes\" \/>\n<script type=\"application\/ld+json\" class=\"yoast-schema-graph\">{\"@context\":\"https:\\\/\\\/schema.org\",\"@graph\":[{\"@type\":\"WebPage\",\"@id\":\"https:\\\/\\\/makeupmanufacture.pl\\\/en\\\/kontakt\\\/przetwarzanie-danych-osobowych\\\/\",\"url\":\"https:\\\/\\\/makeupmanufacture.pl\\\/en\\\/kontakt\\\/przetwarzanie-danych-osobowych\\\/\",\"name\":\"Przetwarzanie danych osobowych - Make-up Manufacture\",\"isPartOf\":{\"@id\":\"https:\\\/\\\/makeupmanufacture.pl\\\/en\\\/#website\"},\"datePublished\":\"2019-08-10T18:59:31+00:00\",\"breadcrumb\":{\"@id\":\"https:\\\/\\\/makeupmanufacture.pl\\\/en\\\/kontakt\\\/przetwarzanie-danych-osobowych\\\/#breadcrumb\"},\"inLanguage\":\"en-US\",\"potentialAction\":[{\"@type\":\"ReadAction\",\"target\":[[\"https:\\\/\\\/makeupmanufacture.pl\\\/en\\\/kontakt\\\/przetwarzanie-danych-osobowych\\\/\"]]}]},{\"@type\":\"BreadcrumbList\",\"@id\":\"https:\\\/\\\/makeupmanufacture.pl\\\/en\\\/kontakt\\\/przetwarzanie-danych-osobowych\\\/#breadcrumb\",\"itemListElement\":[{\"@type\":\"ListItem\",\"position\":1,\"name\":\"Strona g\u0142\u00f3wna\",\"item\":\"https:\\\/\\\/makeupmanufacture.pl\\\/en\\\/\"},{\"@type\":\"ListItem\",\"position\":2,\"name\":\"Kontakt\",\"item\":\"https:\\\/\\\/makeupmanufacture.pl\\\/en\\\/kontakt\\\/\"},{\"@type\":\"ListItem\",\"position\":3,\"name\":\"Przetwarzanie danych osobowych\"}]},{\"@type\":\"WebSite\",\"@id\":\"https:\\\/\\\/makeupmanufacture.pl\\\/en\\\/#website\",\"url\":\"https:\\\/\\\/makeupmanufacture.pl\\\/en\\\/\",\"name\":\"Make-up Manufacture\",\"description\":\"Kasia Wrona Make-up Artist\",\"potentialAction\":[{\"@type\":\"SearchAction\",\"target\":{\"@type\":\"EntryPoint\",\"urlTemplate\":\"https:\\\/\\\/makeupmanufacture.pl\\\/en\\\/?s={search_term_string}\"},\"query-input\":{\"@type\":\"PropertyValueSpecification\",\"valueRequired\":true,\"valueName\":\"search_term_string\"}}],\"inLanguage\":\"en-US\"}]}<\/script>\n<!-- \/ Yoast SEO plugin. -->","yoast_head_json":{"title":"Przetwarzanie danych osobowych - Make-up Manufacture","robots":{"index":"index","follow":"follow","max-snippet":"max-snippet:-1","max-image-preview":"max-image-preview:large","max-video-preview":"max-video-preview:-1"},"canonical":"https:\/\/makeupmanufacture.pl\/en\/kontakt\/przetwarzanie-danych-osobowych\/","og_locale":"en_US","og_type":"article","og_title":"Przetwarzanie danych osobowych - Make-up Manufacture","og_description":"Sorry, this entry is only available in Polski.Administratorem Twoich danych osobowych b\u0119dzie Katarzyna Wrona-Bogacz, ul. Piltza 34, 30-392 Krak\u00f3w, e-mail: makeup.manufacture@gmail.com Podstaw\u0105 prawn\u0105 przetwarzania Twoich danych osobowych b\u0119dzie Twoja zgoda, kt\u00f3r\u0105 wyrazi\u0142e\u015b, zaznaczaj\u0105c stosowne checkboxy w formulrzu zapisu do newslettera, a kt\u00f3r\u0105 potwierdzisz, klikaj\u0105c w powy\u017cszy link. Twoje dane b\u0119d\u0105 przetwarzane przez czas funkcjonowania newslettera, [&hellip;]","og_url":"https:\/\/makeupmanufacture.pl\/en\/kontakt\/przetwarzanie-danych-osobowych\/","og_site_name":"Make-up Manufacture","article_publisher":"https:\/\/www.facebook.com\/MakeUpManufacture\/","og_image":[{"width":1242,"height":1242,"url":"https:\/\/makeupmanufacture.pl\/wp-content\/uploads\/2021\/01\/IMG_9994-1.jpeg","type":"image\/jpeg"}],"twitter_card":"summary_large_image","twitter_misc":{"Est. reading time":"2 minutes"},"schema":{"@context":"https:\/\/schema.org","@graph":[{"@type":"WebPage","@id":"https:\/\/makeupmanufacture.pl\/en\/kontakt\/przetwarzanie-danych-osobowych\/","url":"https:\/\/makeupmanufacture.pl\/en\/kontakt\/przetwarzanie-danych-osobowych\/","name":"Przetwarzanie danych osobowych - Make-up Manufacture","isPartOf":{"@id":"https:\/\/makeupmanufacture.pl\/en\/#website"},"datePublished":"2019-08-10T18:59:31+00:00","breadcrumb":{"@id":"https:\/\/makeupmanufacture.pl\/en\/kontakt\/przetwarzanie-danych-osobowych\/#breadcrumb"},"inLanguage":"en-US","potentialAction":[{"@type":"ReadAction","target":[["https:\/\/makeupmanufacture.pl\/en\/kontakt\/przetwarzanie-danych-osobowych\/"]]}]},{"@type":"BreadcrumbList","@id":"https:\/\/makeupmanufacture.pl\/en\/kontakt\/przetwarzanie-danych-osobowych\/#breadcrumb","itemListElement":[{"@type":"ListItem","position":1,"name":"Strona g\u0142\u00f3wna","item":"https:\/\/makeupmanufacture.pl\/en\/"},{"@type":"ListItem","position":2,"name":"Kontakt","item":"https:\/\/makeupmanufacture.pl\/en\/kontakt\/"},{"@type":"ListItem","position":3,"name":"Przetwarzanie danych osobowych"}]},{"@type":"WebSite","@id":"https:\/\/makeupmanufacture.pl\/en\/#website","url":"https:\/\/makeupmanufacture.pl\/en\/","name":"Make-up Manufacture","description":"Kasia Wrona Make-up Artist","potentialAction":[{"@type":"SearchAction","target":{"@type":"EntryPoint","urlTemplate":"https:\/\/makeupmanufacture.pl\/en\/?s={search_term_string}"},"query-input":{"@type":"PropertyValueSpecification","valueRequired":true,"valueName":"search_term_string"}}],"inLanguage":"en-US"}]}},"_links":{"self":[{"href":"https:\/\/makeupmanufacture.pl\/en\/wp-json\/wp\/v2\/pages\/3423","targetHints":{"allow":["GET"]}}],"collection":[{"href":"https:\/\/makeupmanufacture.pl\/en\/wp-json\/wp\/v2\/pages"}],"about":[{"href":"https:\/\/makeupmanufacture.pl\/en\/wp-json\/wp\/v2\/types\/page"}],"author":[{"embeddable":true,"href":"https:\/\/makeupmanufacture.pl\/en\/wp-json\/wp\/v2\/users\/1"}],"replies":[{"embeddable":true,"href":"https:\/\/makeupmanufacture.pl\/en\/wp-json\/wp\/v2\/comments?post=3423"}],"version-history":[{"count":1,"href":"https:\/\/makeupmanufacture.pl\/en\/wp-json\/wp\/v2\/pages\/3423\/revisions"}],"predecessor-version":[{"id":3424,"href":"https:\/\/makeupmanufacture.pl\/en\/wp-json\/wp\/v2\/pages\/3423\/revisions\/3424"}],"up":[{"embeddable":true,"href":"https:\/\/makeupmanufacture.pl\/en\/wp-json\/wp\/v2\/pages\/11"}],"wp:attachment":[{"href":"https:\/\/makeupmanufacture.pl\/en\/wp-json\/wp\/v2\/media?parent=3423"}],"curies":[{"name":"wp","href":"https:\/\/api.w.org\/{rel}","templated":true}]}}