{"id":4579,"date":"2020-02-01T14:31:13","date_gmt":"2020-02-01T13:31:13","guid":{"rendered":"https:\/\/makeupmanufacture.pl\/?page_id=4579"},"modified":"2020-02-01T14:31:13","modified_gmt":"2020-02-01T13:31:13","slug":"wesele-lukasz-lic-3","status":"publish","type":"page","link":"https:\/\/makeupmanufacture.pl\/en\/portfolio\/wesele-lukasz-lic-3\/","title":{"rendered":"WESELE \u0141UKASZ LIC 3"},"content":{"rendered":"<p class=\"qtranxs-available-languages-message qtranxs-available-languages-message-en\">Sorry, this entry is only available in <a href=\"https:\/\/makeupmanufacture.pl\/pl\/wp-json\/wp\/v2\/pages\/4579\" class=\"qtranxs-available-language-link qtranxs-available-language-link-pl\" title=\"Polski\">Polski<\/a>.<\/p><p><\/p>\n<p style=\"text-align: center;\">PHOTO &amp; RETOUCH: \u0141UKASZ LIC \/ POZYTYWSTUDIO.COM<\/p>\n<p style=\"text-align: center;\">CONCEPT, MUA: KASIA WRONA \/ MAKE-UP MANUFACTURE<\/p>\n<p style=\"text-align: center;\">HAIR: PAULINA MENCNAROWSKA CHWA\u0141A \/ CHMIEST ACADEMY OF HAIR DESIGN<\/p>\n<p style=\"text-align: center;\">MUA ASSISTENT: SYLWIA LATA\u0141A<\/p>\n<p style=\"text-align: center;\">STYLE: GA\u0141CZY\u0143SKA &amp; SEIDEL<\/p>\n<p style=\"text-align: center;\">WREATHS: JUST IN NATURE<\/p>\n<p style=\"text-align: center;\">MODELS: GABI \/ UNITED, LIDKA BA\u015aCIUK<\/p>\n<p style=\"text-align: center;\">CLIENT: FADDY MAGAZINE<\/p>\n<p><div id='gallery-1' class='gallery galleryid-4579 gallery-columns-1 gallery-size-large'><dl class='gallery-item'>\n\t\t\t<dt class='gallery-icon landscape'>\n\t\t\t\t<a href='https:\/\/makeupmanufacture.pl\/en\/portfolio\/wesele-lukasz-lic-2\/w-12\/'><img loading=\"lazy\" decoding=\"async\" width=\"625\" height=\"417\" src=\"https:\/\/makeupmanufacture.pl\/wp-content\/uploads\/2020\/02\/W-12-1024x683.jpg\" class=\"attachment-large size-large\" alt=\"\" srcset=\"https:\/\/makeupmanufacture.pl\/wp-content\/uploads\/2020\/02\/W-12-1024x683.jpg 1024w, https:\/\/makeupmanufacture.pl\/wp-content\/uploads\/2020\/02\/W-12-300x200.jpg 300w, https:\/\/makeupmanufacture.pl\/wp-content\/uploads\/2020\/02\/W-12-768x512.jpg 768w, https:\/\/makeupmanufacture.pl\/wp-content\/uploads\/2020\/02\/W-12-624x416.jpg 624w, https:\/\/makeupmanufacture.pl\/wp-content\/uploads\/2020\/02\/W-12.jpg 1600w\" sizes=\"auto, (max-width: 625px) 100vw, 625px\" \/><\/a>\n\t\t\t<\/dt><\/dl><br style=\"clear: both\" \/><dl class='gallery-item'>\n\t\t\t<dt class='gallery-icon portrait'>\n\t\t\t\t<a href='https:\/\/makeupmanufacture.pl\/en\/portfolio\/wesele-lukasz-lic\/fm-i12v159\/'><img loading=\"lazy\" decoding=\"async\" width=\"625\" height=\"809\" src=\"https:\/\/makeupmanufacture.pl\/wp-content\/uploads\/2020\/02\/FM-I12V159-791x1024.jpg\" class=\"attachment-large size-large\" alt=\"\" srcset=\"https:\/\/makeupmanufacture.pl\/wp-content\/uploads\/2020\/02\/FM-I12V159-791x1024.jpg 791w, https:\/\/makeupmanufacture.pl\/wp-content\/uploads\/2020\/02\/FM-I12V159-232x300.jpg 232w, https:\/\/makeupmanufacture.pl\/wp-content\/uploads\/2020\/02\/FM-I12V159-768x994.jpg 768w, https:\/\/makeupmanufacture.pl\/wp-content\/uploads\/2020\/02\/FM-I12V159-624x808.jpg 624w, https:\/\/makeupmanufacture.pl\/wp-content\/uploads\/2020\/02\/FM-I12V159.jpg 816w\" sizes=\"auto, (max-width: 625px) 100vw, 625px\" \/><\/a>\n\t\t\t<\/dt><\/dl><br style=\"clear: both\" \/><dl class='gallery-item'>\n\t\t\t<dt class='gallery-icon portrait'>\n\t\t\t\t<a href='https:\/\/makeupmanufacture.pl\/en\/portfolio\/wesele-lukasz-lic\/fm-i12v158\/'><img loading=\"lazy\" decoding=\"async\" width=\"625\" height=\"809\" src=\"https:\/\/makeupmanufacture.pl\/wp-content\/uploads\/2020\/02\/FM-I12V158-791x1024.jpg\" class=\"attachment-large size-large\" alt=\"\" srcset=\"https:\/\/makeupmanufacture.pl\/wp-content\/uploads\/2020\/02\/FM-I12V158-791x1024.jpg 791w, https:\/\/makeupmanufacture.pl\/wp-content\/uploads\/2020\/02\/FM-I12V158-232x300.jpg 232w, https:\/\/makeupmanufacture.pl\/wp-content\/uploads\/2020\/02\/FM-I12V158-768x994.jpg 768w, https:\/\/makeupmanufacture.pl\/wp-content\/uploads\/2020\/02\/FM-I12V158-624x808.jpg 624w, https:\/\/makeupmanufacture.pl\/wp-content\/uploads\/2020\/02\/FM-I12V158.jpg 816w\" sizes=\"auto, (max-width: 625px) 100vw, 625px\" \/><\/a>\n\t\t\t<\/dt><\/dl><br style=\"clear: both\" \/><dl class='gallery-item'>\n\t\t\t<dt class='gallery-icon landscape'>\n\t\t\t\t<a href='https:\/\/makeupmanufacture.pl\/en\/portfolio\/wesele-lukasz-lic\/fm-i12v130\/'><img loading=\"lazy\" decoding=\"async\" width=\"625\" height=\"404\" src=\"https:\/\/makeupmanufacture.pl\/wp-content\/uploads\/2020\/02\/FM-I12V130-1024x662.jpg\" class=\"attachment-large size-large\" alt=\"\" srcset=\"https:\/\/makeupmanufacture.pl\/wp-content\/uploads\/2020\/02\/FM-I12V130-1024x662.jpg 1024w, https:\/\/makeupmanufacture.pl\/wp-content\/uploads\/2020\/02\/FM-I12V130-300x194.jpg 300w, https:\/\/makeupmanufacture.pl\/wp-content\/uploads\/2020\/02\/FM-I12V130-768x497.jpg 768w, https:\/\/makeupmanufacture.pl\/wp-content\/uploads\/2020\/02\/FM-I12V130-624x404.jpg 624w, https:\/\/makeupmanufacture.pl\/wp-content\/uploads\/2020\/02\/FM-I12V130.jpg 1600w\" sizes=\"auto, (max-width: 625px) 100vw, 625px\" \/><\/a>\n\t\t\t<\/dt><\/dl><br style=\"clear: both\" \/><dl class='gallery-item'>\n\t\t\t<dt class='gallery-icon landscape'>\n\t\t\t\t<a href='https:\/\/makeupmanufacture.pl\/en\/portfolio\/wesele-lukasz-lic\/fm-i12v127\/'><img loading=\"lazy\" decoding=\"async\" width=\"625\" height=\"404\" src=\"https:\/\/makeupmanufacture.pl\/wp-content\/uploads\/2020\/02\/FM-I12V127-1024x662.jpg\" class=\"attachment-large size-large\" alt=\"\" srcset=\"https:\/\/makeupmanufacture.pl\/wp-content\/uploads\/2020\/02\/FM-I12V127-1024x662.jpg 1024w, https:\/\/makeupmanufacture.pl\/wp-content\/uploads\/2020\/02\/FM-I12V127-300x194.jpg 300w, https:\/\/makeupmanufacture.pl\/wp-content\/uploads\/2020\/02\/FM-I12V127-768x497.jpg 768w, https:\/\/makeupmanufacture.pl\/wp-content\/uploads\/2020\/02\/FM-I12V127-624x404.jpg 624w, https:\/\/makeupmanufacture.pl\/wp-content\/uploads\/2020\/02\/FM-I12V127.jpg 1600w\" sizes=\"auto, (max-width: 625px) 100vw, 625px\" \/><\/a>\n\t\t\t<\/dt><\/dl><br style=\"clear: both\" \/>\n\t\t<\/div>\n<\/p>","protected":false},"excerpt":{"rendered":"<p>Sorry, this entry is only available in Polski. PHOTO &amp; RETOUCH: \u0141UKASZ LIC \/ POZYTYWSTUDIO.COM CONCEPT, MUA: KASIA WRONA \/ MAKE-UP MANUFACTURE HAIR: PAULINA MENCNAROWSKA CHWA\u0141A \/ CHMIEST ACADEMY OF HAIR DESIGN MUA ASSISTENT: SYLWIA LATA\u0141A STYLE: GA\u0141CZY\u0143SKA &amp; SEIDEL WREATHS: JUST IN NATURE MODELS: GABI \/ UNITED, LIDKA BA\u015aCIUK CLIENT: FADDY MAGAZINE<\/p>\n","protected":false},"author":2,"featured_media":4576,"parent":5,"menu_order":61,"comment_status":"closed","ping_status":"closed","template":"","meta":{"footnotes":""},"class_list":["post-4579","page","type-page","status-publish","has-post-thumbnail","hentry"],"acf":[],"yoast_head":"<!-- This site is optimized with the Yoast SEO plugin v27.3 - https:\/\/yoast.com\/product\/yoast-seo-wordpress\/ -->\n<title>WESELE \u0141UKASZ LIC 3 - Make-up Manufacture<\/title>\n<meta name=\"robots\" content=\"index, follow, max-snippet:-1, max-image-preview:large, max-video-preview:-1\" \/>\n<link rel=\"canonical\" href=\"https:\/\/makeupmanufacture.pl\/en\/portfolio\/wesele-lukasz-lic-3\/\" \/>\n<meta property=\"og:locale\" content=\"en_US\" \/>\n<meta property=\"og:type\" content=\"article\" \/>\n<meta property=\"og:title\" content=\"WESELE \u0141UKASZ LIC 3 - Make-up Manufacture\" \/>\n<meta property=\"og:description\" content=\"Sorry, this entry is only available in Polski. PHOTO &amp; RETOUCH: \u0141UKASZ LIC \/ POZYTYWSTUDIO.COM CONCEPT, MUA: KASIA WRONA \/ MAKE-UP MANUFACTURE HAIR: PAULINA MENCNAROWSKA CHWA\u0141A \/ CHMIEST ACADEMY OF HAIR DESIGN MUA ASSISTENT: SYLWIA LATA\u0141A STYLE: GA\u0141CZY\u0143SKA &amp; SEIDEL WREATHS: JUST IN NATURE MODELS: GABI \/ UNITED, LIDKA BA\u015aCIUK CLIENT: FADDY MAGAZINE\" \/>\n<meta property=\"og:url\" content=\"https:\/\/makeupmanufacture.pl\/en\/portfolio\/wesele-lukasz-lic-3\/\" \/>\n<meta property=\"og:site_name\" content=\"Make-up Manufacture\" \/>\n<meta property=\"article:publisher\" content=\"https:\/\/www.facebook.com\/MakeUpManufacture\/\" \/>\n<meta property=\"og:image\" content=\"https:\/\/makeupmanufacture.pl\/wp-content\/uploads\/2020\/02\/W-12.jpg\" \/>\n\t<meta property=\"og:image:width\" content=\"1600\" \/>\n\t<meta property=\"og:image:height\" content=\"1067\" \/>\n\t<meta property=\"og:image:type\" content=\"image\/jpeg\" \/>\n<meta name=\"twitter:card\" content=\"summary_large_image\" \/>\n<script type=\"application\/ld+json\" class=\"yoast-schema-graph\">{\"@context\":\"https:\\\/\\\/schema.org\",\"@graph\":[{\"@type\":\"WebPage\",\"@id\":\"https:\\\/\\\/makeupmanufacture.pl\\\/en\\\/portfolio\\\/wesele-lukasz-lic-3\\\/\",\"url\":\"https:\\\/\\\/makeupmanufacture.pl\\\/en\\\/portfolio\\\/wesele-lukasz-lic-3\\\/\",\"name\":\"WESELE \u0141UKASZ LIC 3 - Make-up Manufacture\",\"isPartOf\":{\"@id\":\"https:\\\/\\\/makeupmanufacture.pl\\\/en\\\/#website\"},\"primaryImageOfPage\":{\"@id\":\"https:\\\/\\\/makeupmanufacture.pl\\\/en\\\/portfolio\\\/wesele-lukasz-lic-3\\\/#primaryimage\"},\"image\":{\"@id\":\"https:\\\/\\\/makeupmanufacture.pl\\\/en\\\/portfolio\\\/wesele-lukasz-lic-3\\\/#primaryimage\"},\"thumbnailUrl\":\"https:\\\/\\\/makeupmanufacture.pl\\\/wp-content\\\/uploads\\\/2020\\\/02\\\/W-12.jpg\",\"datePublished\":\"2020-02-01T13:31:13+00:00\",\"breadcrumb\":{\"@id\":\"https:\\\/\\\/makeupmanufacture.pl\\\/en\\\/portfolio\\\/wesele-lukasz-lic-3\\\/#breadcrumb\"},\"inLanguage\":\"en-US\",\"potentialAction\":[{\"@type\":\"ReadAction\",\"target\":[[\"https:\\\/\\\/makeupmanufacture.pl\\\/en\\\/portfolio\\\/wesele-lukasz-lic-3\\\/\"]]}]},{\"@type\":\"ImageObject\",\"inLanguage\":\"en-US\",\"@id\":\"https:\\\/\\\/makeupmanufacture.pl\\\/en\\\/portfolio\\\/wesele-lukasz-lic-3\\\/#primaryimage\",\"url\":\"https:\\\/\\\/makeupmanufacture.pl\\\/wp-content\\\/uploads\\\/2020\\\/02\\\/W-12.jpg\",\"contentUrl\":\"https:\\\/\\\/makeupmanufacture.pl\\\/wp-content\\\/uploads\\\/2020\\\/02\\\/W-12.jpg\",\"width\":1600,\"height\":1067},{\"@type\":\"BreadcrumbList\",\"@id\":\"https:\\\/\\\/makeupmanufacture.pl\\\/en\\\/portfolio\\\/wesele-lukasz-lic-3\\\/#breadcrumb\",\"itemListElement\":[{\"@type\":\"ListItem\",\"position\":1,\"name\":\"Strona g\u0142\u00f3wna\",\"item\":\"https:\\\/\\\/makeupmanufacture.pl\\\/en\\\/\"},{\"@type\":\"ListItem\",\"position\":2,\"name\":\"Portfolio\",\"item\":\"https:\\\/\\\/makeupmanufacture.pl\\\/en\\\/portfolio\\\/\"},{\"@type\":\"ListItem\",\"position\":3,\"name\":\"WESELE \u0141UKASZ LIC 3\"}]},{\"@type\":\"WebSite\",\"@id\":\"https:\\\/\\\/makeupmanufacture.pl\\\/en\\\/#website\",\"url\":\"https:\\\/\\\/makeupmanufacture.pl\\\/en\\\/\",\"name\":\"Make-up Manufacture\",\"description\":\"Kasia Wrona Make-up Artist\",\"potentialAction\":[{\"@type\":\"SearchAction\",\"target\":{\"@type\":\"EntryPoint\",\"urlTemplate\":\"https:\\\/\\\/makeupmanufacture.pl\\\/en\\\/?s={search_term_string}\"},\"query-input\":{\"@type\":\"PropertyValueSpecification\",\"valueRequired\":true,\"valueName\":\"search_term_string\"}}],\"inLanguage\":\"en-US\"}]}<\/script>\n<!-- \/ Yoast SEO plugin. -->","yoast_head_json":{"title":"WESELE \u0141UKASZ LIC 3 - Make-up Manufacture","robots":{"index":"index","follow":"follow","max-snippet":"max-snippet:-1","max-image-preview":"max-image-preview:large","max-video-preview":"max-video-preview:-1"},"canonical":"https:\/\/makeupmanufacture.pl\/en\/portfolio\/wesele-lukasz-lic-3\/","og_locale":"en_US","og_type":"article","og_title":"WESELE \u0141UKASZ LIC 3 - Make-up Manufacture","og_description":"Sorry, this entry is only available in Polski. PHOTO &amp; RETOUCH: \u0141UKASZ LIC \/ POZYTYWSTUDIO.COM CONCEPT, MUA: KASIA WRONA \/ MAKE-UP MANUFACTURE HAIR: PAULINA MENCNAROWSKA CHWA\u0141A \/ CHMIEST ACADEMY OF HAIR DESIGN MUA ASSISTENT: SYLWIA LATA\u0141A STYLE: GA\u0141CZY\u0143SKA &amp; SEIDEL WREATHS: JUST IN NATURE MODELS: GABI \/ UNITED, LIDKA BA\u015aCIUK CLIENT: FADDY MAGAZINE","og_url":"https:\/\/makeupmanufacture.pl\/en\/portfolio\/wesele-lukasz-lic-3\/","og_site_name":"Make-up Manufacture","article_publisher":"https:\/\/www.facebook.com\/MakeUpManufacture\/","og_image":[{"width":1600,"height":1067,"url":"https:\/\/makeupmanufacture.pl\/wp-content\/uploads\/2020\/02\/W-12.jpg","type":"image\/jpeg"}],"twitter_card":"summary_large_image","schema":{"@context":"https:\/\/schema.org","@graph":[{"@type":"WebPage","@id":"https:\/\/makeupmanufacture.pl\/en\/portfolio\/wesele-lukasz-lic-3\/","url":"https:\/\/makeupmanufacture.pl\/en\/portfolio\/wesele-lukasz-lic-3\/","name":"WESELE \u0141UKASZ LIC 3 - Make-up Manufacture","isPartOf":{"@id":"https:\/\/makeupmanufacture.pl\/en\/#website"},"primaryImageOfPage":{"@id":"https:\/\/makeupmanufacture.pl\/en\/portfolio\/wesele-lukasz-lic-3\/#primaryimage"},"image":{"@id":"https:\/\/makeupmanufacture.pl\/en\/portfolio\/wesele-lukasz-lic-3\/#primaryimage"},"thumbnailUrl":"https:\/\/makeupmanufacture.pl\/wp-content\/uploads\/2020\/02\/W-12.jpg","datePublished":"2020-02-01T13:31:13+00:00","breadcrumb":{"@id":"https:\/\/makeupmanufacture.pl\/en\/portfolio\/wesele-lukasz-lic-3\/#breadcrumb"},"inLanguage":"en-US","potentialAction":[{"@type":"ReadAction","target":[["https:\/\/makeupmanufacture.pl\/en\/portfolio\/wesele-lukasz-lic-3\/"]]}]},{"@type":"ImageObject","inLanguage":"en-US","@id":"https:\/\/makeupmanufacture.pl\/en\/portfolio\/wesele-lukasz-lic-3\/#primaryimage","url":"https:\/\/makeupmanufacture.pl\/wp-content\/uploads\/2020\/02\/W-12.jpg","contentUrl":"https:\/\/makeupmanufacture.pl\/wp-content\/uploads\/2020\/02\/W-12.jpg","width":1600,"height":1067},{"@type":"BreadcrumbList","@id":"https:\/\/makeupmanufacture.pl\/en\/portfolio\/wesele-lukasz-lic-3\/#breadcrumb","itemListElement":[{"@type":"ListItem","position":1,"name":"Strona g\u0142\u00f3wna","item":"https:\/\/makeupmanufacture.pl\/en\/"},{"@type":"ListItem","position":2,"name":"Portfolio","item":"https:\/\/makeupmanufacture.pl\/en\/portfolio\/"},{"@type":"ListItem","position":3,"name":"WESELE \u0141UKASZ LIC 3"}]},{"@type":"WebSite","@id":"https:\/\/makeupmanufacture.pl\/en\/#website","url":"https:\/\/makeupmanufacture.pl\/en\/","name":"Make-up Manufacture","description":"Kasia Wrona Make-up Artist","potentialAction":[{"@type":"SearchAction","target":{"@type":"EntryPoint","urlTemplate":"https:\/\/makeupmanufacture.pl\/en\/?s={search_term_string}"},"query-input":{"@type":"PropertyValueSpecification","valueRequired":true,"valueName":"search_term_string"}}],"inLanguage":"en-US"}]}},"_links":{"self":[{"href":"https:\/\/makeupmanufacture.pl\/en\/wp-json\/wp\/v2\/pages\/4579","targetHints":{"allow":["GET"]}}],"collection":[{"href":"https:\/\/makeupmanufacture.pl\/en\/wp-json\/wp\/v2\/pages"}],"about":[{"href":"https:\/\/makeupmanufacture.pl\/en\/wp-json\/wp\/v2\/types\/page"}],"author":[{"embeddable":true,"href":"https:\/\/makeupmanufacture.pl\/en\/wp-json\/wp\/v2\/users\/2"}],"replies":[{"embeddable":true,"href":"https:\/\/makeupmanufacture.pl\/en\/wp-json\/wp\/v2\/comments?post=4579"}],"version-history":[{"count":1,"href":"https:\/\/makeupmanufacture.pl\/en\/wp-json\/wp\/v2\/pages\/4579\/revisions"}],"predecessor-version":[{"id":4580,"href":"https:\/\/makeupmanufacture.pl\/en\/wp-json\/wp\/v2\/pages\/4579\/revisions\/4580"}],"up":[{"embeddable":true,"href":"https:\/\/makeupmanufacture.pl\/en\/wp-json\/wp\/v2\/pages\/5"}],"wp:featuredmedia":[{"embeddable":true,"href":"https:\/\/makeupmanufacture.pl\/en\/wp-json\/wp\/v2\/media\/4576"}],"wp:attachment":[{"href":"https:\/\/makeupmanufacture.pl\/en\/wp-json\/wp\/v2\/media?parent=4579"}],"curies":[{"name":"wp","href":"https:\/\/api.w.org\/{rel}","templated":true}]}}