{"id":4624,"date":"2020-02-01T15:00:53","date_gmt":"2020-02-01T14:00:53","guid":{"rendered":"https:\/\/makeupmanufacture.pl\/?page_id=4624"},"modified":"2020-02-01T15:00:53","modified_gmt":"2020-02-01T14:00:53","slug":"wesele-marta-sputo-2","status":"publish","type":"page","link":"https:\/\/makeupmanufacture.pl\/en\/portfolio\/wesele-marta-sputo-2\/","title":{"rendered":"WESELE MARTA SPUTO 2"},"content":{"rendered":"<p class=\"qtranxs-available-languages-message qtranxs-available-languages-message-en\">Sorry, this entry is only available in <a href=\"https:\/\/makeupmanufacture.pl\/pl\/wp-json\/wp\/v2\/pages\/4624\" class=\"qtranxs-available-language-link qtranxs-available-language-link-pl\" title=\"Polski\">Polski<\/a>.<\/p><p><\/p>\n<p style=\"text-align: center;\">PHOTOGRAPHY: MARTA SPUTO,\u00a0FILM: LOVE STORY WEDDING, LIGHTS: STYLOVE \u015aLUBY,<\/p>\n<p style=\"text-align: center;\">MODEL: MAGDA ALIW<\/p>\n<p style=\"text-align: center;\">MUA: KASIA WRONA MAKE-UP MANUFACTURE,\u00a0HAIR: RUP COIFFEUR, JOANNA CURZYD\u0141O<\/p>\n<p style=\"text-align: center;\">SWEETS: MODER WYPIEKI,\u00a0DJ: MISTRZOWSKIE WESELE, GOWN: ATELIER LAWENDA, STYLE: EWA BERDYCHOWSKA, SHOES: KSIS, FLOWERS: BEDEKO<\/p>\n<p style=\"text-align: center;\">PROJEKT I ORGANIZACJA: EWA BERDYCHOWSKA, VENUE: THE MANOR,\u00a0DECORATIONS: WYPO\u017bYCZALNIA DEKORACJI, WHITE LETTERS, COLOREVENT, \u015aLUBNA PODWI\u0104ZKA<\/p>\n<p><div id='gallery-1' class='gallery galleryid-4624 gallery-columns-1 gallery-size-large'><dl class='gallery-item'>\n\t\t\t<dt class='gallery-icon portrait'>\n\t\t\t\t<a href='https:\/\/makeupmanufacture.pl\/en\/zrzut-ekranu-2020-02-1-o-14-36-38\/'><img loading=\"lazy\" decoding=\"async\" width=\"625\" height=\"785\" src=\"https:\/\/makeupmanufacture.pl\/wp-content\/uploads\/2020\/02\/Zrzut-ekranu-2020-02-1-o-14.36.38-815x1024.png\" class=\"attachment-large size-large\" alt=\"\" srcset=\"https:\/\/makeupmanufacture.pl\/wp-content\/uploads\/2020\/02\/Zrzut-ekranu-2020-02-1-o-14.36.38-815x1024.png 815w, https:\/\/makeupmanufacture.pl\/wp-content\/uploads\/2020\/02\/Zrzut-ekranu-2020-02-1-o-14.36.38-239x300.png 239w, https:\/\/makeupmanufacture.pl\/wp-content\/uploads\/2020\/02\/Zrzut-ekranu-2020-02-1-o-14.36.38-768x965.png 768w, https:\/\/makeupmanufacture.pl\/wp-content\/uploads\/2020\/02\/Zrzut-ekranu-2020-02-1-o-14.36.38-624x784.png 624w, https:\/\/makeupmanufacture.pl\/wp-content\/uploads\/2020\/02\/Zrzut-ekranu-2020-02-1-o-14.36.38.png 1238w\" sizes=\"auto, (max-width: 625px) 100vw, 625px\" \/><\/a>\n\t\t\t<\/dt><\/dl><br style=\"clear: both\" \/><dl class='gallery-item'>\n\t\t\t<dt class='gallery-icon portrait'>\n\t\t\t\t<a href='https:\/\/makeupmanufacture.pl\/en\/artdecohavana-martasputo-styledshoot35of68\/'><img loading=\"lazy\" decoding=\"async\" width=\"625\" height=\"937\" src=\"https:\/\/makeupmanufacture.pl\/wp-content\/uploads\/2020\/02\/ARTDECOHAVANA-MartaSputo-StyledShoot35of68-683x1024.jpg\" class=\"attachment-large size-large\" alt=\"\" srcset=\"https:\/\/makeupmanufacture.pl\/wp-content\/uploads\/2020\/02\/ARTDECOHAVANA-MartaSputo-StyledShoot35of68-683x1024.jpg 683w, https:\/\/makeupmanufacture.pl\/wp-content\/uploads\/2020\/02\/ARTDECOHAVANA-MartaSputo-StyledShoot35of68-200x300.jpg 200w, https:\/\/makeupmanufacture.pl\/wp-content\/uploads\/2020\/02\/ARTDECOHAVANA-MartaSputo-StyledShoot35of68-768x1152.jpg 768w, https:\/\/makeupmanufacture.pl\/wp-content\/uploads\/2020\/02\/ARTDECOHAVANA-MartaSputo-StyledShoot35of68-624x936.jpg 624w, https:\/\/makeupmanufacture.pl\/wp-content\/uploads\/2020\/02\/ARTDECOHAVANA-MartaSputo-StyledShoot35of68.jpg 1067w\" sizes=\"auto, (max-width: 625px) 100vw, 625px\" \/><\/a>\n\t\t\t<\/dt><\/dl><br style=\"clear: both\" \/><dl class='gallery-item'>\n\t\t\t<dt class='gallery-icon portrait'>\n\t\t\t\t<a href='https:\/\/makeupmanufacture.pl\/en\/artdecohavana-martasputo-styledshoot36of68\/'><img loading=\"lazy\" decoding=\"async\" width=\"625\" height=\"937\" src=\"https:\/\/makeupmanufacture.pl\/wp-content\/uploads\/2020\/02\/ARTDECOHAVANA-MartaSputo-StyledShoot36of68-683x1024.jpg\" class=\"attachment-large size-large\" alt=\"\" srcset=\"https:\/\/makeupmanufacture.pl\/wp-content\/uploads\/2020\/02\/ARTDECOHAVANA-MartaSputo-StyledShoot36of68-683x1024.jpg 683w, https:\/\/makeupmanufacture.pl\/wp-content\/uploads\/2020\/02\/ARTDECOHAVANA-MartaSputo-StyledShoot36of68-200x300.jpg 200w, https:\/\/makeupmanufacture.pl\/wp-content\/uploads\/2020\/02\/ARTDECOHAVANA-MartaSputo-StyledShoot36of68-768x1152.jpg 768w, https:\/\/makeupmanufacture.pl\/wp-content\/uploads\/2020\/02\/ARTDECOHAVANA-MartaSputo-StyledShoot36of68-624x936.jpg 624w, https:\/\/makeupmanufacture.pl\/wp-content\/uploads\/2020\/02\/ARTDECOHAVANA-MartaSputo-StyledShoot36of68.jpg 1067w\" sizes=\"auto, (max-width: 625px) 100vw, 625px\" \/><\/a>\n\t\t\t<\/dt><\/dl><br style=\"clear: both\" \/><dl class='gallery-item'>\n\t\t\t<dt class='gallery-icon landscape'>\n\t\t\t\t<a href='https:\/\/makeupmanufacture.pl\/en\/artdecohavana-martasputo-styledshoot39of68\/'><img loading=\"lazy\" decoding=\"async\" width=\"625\" height=\"417\" src=\"https:\/\/makeupmanufacture.pl\/wp-content\/uploads\/2020\/02\/ARTDECOHAVANA-MartaSputo-StyledShoot39of68-1024x683.jpg\" class=\"attachment-large size-large\" alt=\"\" srcset=\"https:\/\/makeupmanufacture.pl\/wp-content\/uploads\/2020\/02\/ARTDECOHAVANA-MartaSputo-StyledShoot39of68-1024x683.jpg 1024w, https:\/\/makeupmanufacture.pl\/wp-content\/uploads\/2020\/02\/ARTDECOHAVANA-MartaSputo-StyledShoot39of68-300x200.jpg 300w, https:\/\/makeupmanufacture.pl\/wp-content\/uploads\/2020\/02\/ARTDECOHAVANA-MartaSputo-StyledShoot39of68-768x512.jpg 768w, https:\/\/makeupmanufacture.pl\/wp-content\/uploads\/2020\/02\/ARTDECOHAVANA-MartaSputo-StyledShoot39of68-624x416.jpg 624w, https:\/\/makeupmanufacture.pl\/wp-content\/uploads\/2020\/02\/ARTDECOHAVANA-MartaSputo-StyledShoot39of68.jpg 1600w\" sizes=\"auto, (max-width: 625px) 100vw, 625px\" \/><\/a>\n\t\t\t<\/dt><\/dl><br style=\"clear: both\" \/><dl class='gallery-item'>\n\t\t\t<dt class='gallery-icon portrait'>\n\t\t\t\t<a href='https:\/\/makeupmanufacture.pl\/en\/artdecohavana-martasputo-styledshoot42of68\/'><img loading=\"lazy\" decoding=\"async\" width=\"625\" height=\"937\" src=\"https:\/\/makeupmanufacture.pl\/wp-content\/uploads\/2020\/02\/ARTDECOHAVANA-MartaSputo-StyledShoot42of68-683x1024.jpg\" class=\"attachment-large size-large\" alt=\"\" srcset=\"https:\/\/makeupmanufacture.pl\/wp-content\/uploads\/2020\/02\/ARTDECOHAVANA-MartaSputo-StyledShoot42of68-683x1024.jpg 683w, https:\/\/makeupmanufacture.pl\/wp-content\/uploads\/2020\/02\/ARTDECOHAVANA-MartaSputo-StyledShoot42of68-200x300.jpg 200w, https:\/\/makeupmanufacture.pl\/wp-content\/uploads\/2020\/02\/ARTDECOHAVANA-MartaSputo-StyledShoot42of68-768x1152.jpg 768w, https:\/\/makeupmanufacture.pl\/wp-content\/uploads\/2020\/02\/ARTDECOHAVANA-MartaSputo-StyledShoot42of68-624x936.jpg 624w, https:\/\/makeupmanufacture.pl\/wp-content\/uploads\/2020\/02\/ARTDECOHAVANA-MartaSputo-StyledShoot42of68.jpg 1067w\" sizes=\"auto, (max-width: 625px) 100vw, 625px\" \/><\/a>\n\t\t\t<\/dt><\/dl><br style=\"clear: both\" \/><dl class='gallery-item'>\n\t\t\t<dt class='gallery-icon portrait'>\n\t\t\t\t<a href='https:\/\/makeupmanufacture.pl\/en\/artdecohavana-martasputo-styledshoot43of68\/'><img loading=\"lazy\" decoding=\"async\" width=\"625\" height=\"937\" src=\"https:\/\/makeupmanufacture.pl\/wp-content\/uploads\/2020\/02\/ARTDECOHAVANA-MartaSputo-StyledShoot43of68-683x1024.jpg\" class=\"attachment-large size-large\" alt=\"\" srcset=\"https:\/\/makeupmanufacture.pl\/wp-content\/uploads\/2020\/02\/ARTDECOHAVANA-MartaSputo-StyledShoot43of68-683x1024.jpg 683w, https:\/\/makeupmanufacture.pl\/wp-content\/uploads\/2020\/02\/ARTDECOHAVANA-MartaSputo-StyledShoot43of68-200x300.jpg 200w, https:\/\/makeupmanufacture.pl\/wp-content\/uploads\/2020\/02\/ARTDECOHAVANA-MartaSputo-StyledShoot43of68-768x1152.jpg 768w, https:\/\/makeupmanufacture.pl\/wp-content\/uploads\/2020\/02\/ARTDECOHAVANA-MartaSputo-StyledShoot43of68-624x936.jpg 624w, https:\/\/makeupmanufacture.pl\/wp-content\/uploads\/2020\/02\/ARTDECOHAVANA-MartaSputo-StyledShoot43of68.jpg 1067w\" sizes=\"auto, (max-width: 625px) 100vw, 625px\" \/><\/a>\n\t\t\t<\/dt><\/dl><br style=\"clear: both\" \/><dl class='gallery-item'>\n\t\t\t<dt class='gallery-icon portrait'>\n\t\t\t\t<a href='https:\/\/makeupmanufacture.pl\/en\/artdecohavana-martasputo-styledshoot44of68\/'><img loading=\"lazy\" decoding=\"async\" width=\"625\" height=\"937\" src=\"https:\/\/makeupmanufacture.pl\/wp-content\/uploads\/2020\/02\/ARTDECOHAVANA-MartaSputo-StyledShoot44of68-683x1024.jpg\" class=\"attachment-large size-large\" alt=\"\" srcset=\"https:\/\/makeupmanufacture.pl\/wp-content\/uploads\/2020\/02\/ARTDECOHAVANA-MartaSputo-StyledShoot44of68-683x1024.jpg 683w, https:\/\/makeupmanufacture.pl\/wp-content\/uploads\/2020\/02\/ARTDECOHAVANA-MartaSputo-StyledShoot44of68-200x300.jpg 200w, https:\/\/makeupmanufacture.pl\/wp-content\/uploads\/2020\/02\/ARTDECOHAVANA-MartaSputo-StyledShoot44of68-768x1152.jpg 768w, https:\/\/makeupmanufacture.pl\/wp-content\/uploads\/2020\/02\/ARTDECOHAVANA-MartaSputo-StyledShoot44of68-624x936.jpg 624w, https:\/\/makeupmanufacture.pl\/wp-content\/uploads\/2020\/02\/ARTDECOHAVANA-MartaSputo-StyledShoot44of68.jpg 1067w\" sizes=\"auto, (max-width: 625px) 100vw, 625px\" \/><\/a>\n\t\t\t<\/dt><\/dl><br style=\"clear: both\" \/><dl class='gallery-item'>\n\t\t\t<dt class='gallery-icon landscape'>\n\t\t\t\t<a href='https:\/\/makeupmanufacture.pl\/en\/artdecohavana-martasputo-styledshoot45of68\/'><img loading=\"lazy\" decoding=\"async\" width=\"625\" height=\"417\" src=\"https:\/\/makeupmanufacture.pl\/wp-content\/uploads\/2020\/02\/ARTDECOHAVANA-MartaSputo-StyledShoot45of68-1024x683.jpg\" class=\"attachment-large size-large\" alt=\"\" srcset=\"https:\/\/makeupmanufacture.pl\/wp-content\/uploads\/2020\/02\/ARTDECOHAVANA-MartaSputo-StyledShoot45of68-1024x683.jpg 1024w, https:\/\/makeupmanufacture.pl\/wp-content\/uploads\/2020\/02\/ARTDECOHAVANA-MartaSputo-StyledShoot45of68-300x200.jpg 300w, https:\/\/makeupmanufacture.pl\/wp-content\/uploads\/2020\/02\/ARTDECOHAVANA-MartaSputo-StyledShoot45of68-768x512.jpg 768w, https:\/\/makeupmanufacture.pl\/wp-content\/uploads\/2020\/02\/ARTDECOHAVANA-MartaSputo-StyledShoot45of68-624x416.jpg 624w, https:\/\/makeupmanufacture.pl\/wp-content\/uploads\/2020\/02\/ARTDECOHAVANA-MartaSputo-StyledShoot45of68.jpg 1600w\" sizes=\"auto, (max-width: 625px) 100vw, 625px\" \/><\/a>\n\t\t\t<\/dt><\/dl><br style=\"clear: both\" \/><dl class='gallery-item'>\n\t\t\t<dt class='gallery-icon portrait'>\n\t\t\t\t<a href='https:\/\/makeupmanufacture.pl\/en\/artdecohavana-martasputo-styledshoot52of68\/'><img loading=\"lazy\" decoding=\"async\" width=\"625\" height=\"937\" src=\"https:\/\/makeupmanufacture.pl\/wp-content\/uploads\/2020\/02\/ARTDECOHAVANA-MartaSputo-StyledShoot52of68-683x1024.jpg\" class=\"attachment-large size-large\" alt=\"\" srcset=\"https:\/\/makeupmanufacture.pl\/wp-content\/uploads\/2020\/02\/ARTDECOHAVANA-MartaSputo-StyledShoot52of68-683x1024.jpg 683w, https:\/\/makeupmanufacture.pl\/wp-content\/uploads\/2020\/02\/ARTDECOHAVANA-MartaSputo-StyledShoot52of68-200x300.jpg 200w, https:\/\/makeupmanufacture.pl\/wp-content\/uploads\/2020\/02\/ARTDECOHAVANA-MartaSputo-StyledShoot52of68-768x1152.jpg 768w, https:\/\/makeupmanufacture.pl\/wp-content\/uploads\/2020\/02\/ARTDECOHAVANA-MartaSputo-StyledShoot52of68-624x936.jpg 624w, https:\/\/makeupmanufacture.pl\/wp-content\/uploads\/2020\/02\/ARTDECOHAVANA-MartaSputo-StyledShoot52of68.jpg 1067w\" sizes=\"auto, (max-width: 625px) 100vw, 625px\" \/><\/a>\n\t\t\t<\/dt><\/dl><br style=\"clear: both\" \/><dl class='gallery-item'>\n\t\t\t<dt class='gallery-icon portrait'>\n\t\t\t\t<a href='https:\/\/makeupmanufacture.pl\/en\/artdecohavana-martasputo-styledshoot53of68\/'><img loading=\"lazy\" decoding=\"async\" width=\"625\" height=\"937\" src=\"https:\/\/makeupmanufacture.pl\/wp-content\/uploads\/2020\/02\/ARTDECOHAVANA-MartaSputo-StyledShoot53of68-683x1024.jpg\" class=\"attachment-large size-large\" alt=\"\" srcset=\"https:\/\/makeupmanufacture.pl\/wp-content\/uploads\/2020\/02\/ARTDECOHAVANA-MartaSputo-StyledShoot53of68-683x1024.jpg 683w, https:\/\/makeupmanufacture.pl\/wp-content\/uploads\/2020\/02\/ARTDECOHAVANA-MartaSputo-StyledShoot53of68-200x300.jpg 200w, https:\/\/makeupmanufacture.pl\/wp-content\/uploads\/2020\/02\/ARTDECOHAVANA-MartaSputo-StyledShoot53of68-768x1152.jpg 768w, https:\/\/makeupmanufacture.pl\/wp-content\/uploads\/2020\/02\/ARTDECOHAVANA-MartaSputo-StyledShoot53of68-624x936.jpg 624w, https:\/\/makeupmanufacture.pl\/wp-content\/uploads\/2020\/02\/ARTDECOHAVANA-MartaSputo-StyledShoot53of68.jpg 1067w\" sizes=\"auto, (max-width: 625px) 100vw, 625px\" \/><\/a>\n\t\t\t<\/dt><\/dl><br style=\"clear: both\" \/><dl class='gallery-item'>\n\t\t\t<dt class='gallery-icon portrait'>\n\t\t\t\t<a href='https:\/\/makeupmanufacture.pl\/en\/artdecohavana-martasputo-styledshoot54of68\/'><img loading=\"lazy\" decoding=\"async\" width=\"625\" height=\"937\" src=\"https:\/\/makeupmanufacture.pl\/wp-content\/uploads\/2020\/02\/ARTDECOHAVANA-MartaSputo-StyledShoot54of68-683x1024.jpg\" class=\"attachment-large size-large\" alt=\"\" srcset=\"https:\/\/makeupmanufacture.pl\/wp-content\/uploads\/2020\/02\/ARTDECOHAVANA-MartaSputo-StyledShoot54of68-683x1024.jpg 683w, https:\/\/makeupmanufacture.pl\/wp-content\/uploads\/2020\/02\/ARTDECOHAVANA-MartaSputo-StyledShoot54of68-200x300.jpg 200w, https:\/\/makeupmanufacture.pl\/wp-content\/uploads\/2020\/02\/ARTDECOHAVANA-MartaSputo-StyledShoot54of68-768x1152.jpg 768w, https:\/\/makeupmanufacture.pl\/wp-content\/uploads\/2020\/02\/ARTDECOHAVANA-MartaSputo-StyledShoot54of68-624x936.jpg 624w, https:\/\/makeupmanufacture.pl\/wp-content\/uploads\/2020\/02\/ARTDECOHAVANA-MartaSputo-StyledShoot54of68.jpg 1067w\" sizes=\"auto, (max-width: 625px) 100vw, 625px\" \/><\/a>\n\t\t\t<\/dt><\/dl><br style=\"clear: both\" \/>\n\t\t<\/div>\n<\/p>","protected":false},"excerpt":{"rendered":"<p>Sorry, this entry is only available in Polski. PHOTOGRAPHY: MARTA SPUTO,\u00a0FILM: LOVE STORY WEDDING, LIGHTS: STYLOVE \u015aLUBY, MODEL: MAGDA ALIW MUA: KASIA WRONA MAKE-UP MANUFACTURE,\u00a0HAIR: RUP COIFFEUR, JOANNA CURZYD\u0141O SWEETS: MODER WYPIEKI,\u00a0DJ: MISTRZOWSKIE WESELE, GOWN: ATELIER LAWENDA, STYLE: EWA BERDYCHOWSKA, SHOES: KSIS, FLOWERS: BEDEKO PROJEKT I ORGANIZACJA: EWA BERDYCHOWSKA, VENUE: THE MANOR,\u00a0DECORATIONS: WYPO\u017bYCZALNIA DEKORACJI, WHITE [&hellip;]<\/p>\n","protected":false},"author":2,"featured_media":4616,"parent":5,"menu_order":35,"comment_status":"closed","ping_status":"closed","template":"","meta":{"footnotes":""},"class_list":["post-4624","page","type-page","status-publish","has-post-thumbnail","hentry"],"acf":[],"yoast_head":"<!-- This site is optimized with the Yoast SEO plugin v27.3 - https:\/\/yoast.com\/product\/yoast-seo-wordpress\/ -->\n<title>WESELE MARTA SPUTO 2 - Make-up Manufacture<\/title>\n<meta name=\"robots\" content=\"index, follow, max-snippet:-1, max-image-preview:large, max-video-preview:-1\" \/>\n<link rel=\"canonical\" href=\"https:\/\/makeupmanufacture.pl\/en\/portfolio\/wesele-marta-sputo-2\/\" \/>\n<meta property=\"og:locale\" content=\"en_US\" \/>\n<meta property=\"og:type\" content=\"article\" \/>\n<meta property=\"og:title\" content=\"WESELE MARTA SPUTO 2 - Make-up Manufacture\" \/>\n<meta property=\"og:description\" content=\"Sorry, this entry is only available in Polski. PHOTOGRAPHY: MARTA SPUTO,\u00a0FILM: LOVE STORY WEDDING, LIGHTS: STYLOVE \u015aLUBY, MODEL: MAGDA ALIW MUA: KASIA WRONA MAKE-UP MANUFACTURE,\u00a0HAIR: RUP COIFFEUR, JOANNA CURZYD\u0141O SWEETS: MODER WYPIEKI,\u00a0DJ: MISTRZOWSKIE WESELE, GOWN: ATELIER LAWENDA, STYLE: EWA BERDYCHOWSKA, SHOES: KSIS, FLOWERS: BEDEKO PROJEKT I ORGANIZACJA: EWA BERDYCHOWSKA, VENUE: THE MANOR,\u00a0DECORATIONS: WYPO\u017bYCZALNIA DEKORACJI, WHITE [&hellip;]\" \/>\n<meta property=\"og:url\" content=\"https:\/\/makeupmanufacture.pl\/en\/portfolio\/wesele-marta-sputo-2\/\" \/>\n<meta property=\"og:site_name\" content=\"Make-up Manufacture\" \/>\n<meta property=\"article:publisher\" content=\"https:\/\/www.facebook.com\/MakeUpManufacture\/\" \/>\n<meta property=\"og:image\" content=\"https:\/\/makeupmanufacture.pl\/wp-content\/uploads\/2020\/02\/ARTDECOHAVANA-MartaSputo-StyledShoot61of68.jpg\" \/>\n\t<meta property=\"og:image:width\" content=\"1067\" \/>\n\t<meta property=\"og:image:height\" content=\"1600\" \/>\n\t<meta property=\"og:image:type\" content=\"image\/jpeg\" \/>\n<meta name=\"twitter:card\" content=\"summary_large_image\" \/>\n<script type=\"application\/ld+json\" class=\"yoast-schema-graph\">{\"@context\":\"https:\\\/\\\/schema.org\",\"@graph\":[{\"@type\":\"WebPage\",\"@id\":\"https:\\\/\\\/makeupmanufacture.pl\\\/en\\\/portfolio\\\/wesele-marta-sputo-2\\\/\",\"url\":\"https:\\\/\\\/makeupmanufacture.pl\\\/en\\\/portfolio\\\/wesele-marta-sputo-2\\\/\",\"name\":\"WESELE MARTA SPUTO 2 - Make-up Manufacture\",\"isPartOf\":{\"@id\":\"https:\\\/\\\/makeupmanufacture.pl\\\/en\\\/#website\"},\"primaryImageOfPage\":{\"@id\":\"https:\\\/\\\/makeupmanufacture.pl\\\/en\\\/portfolio\\\/wesele-marta-sputo-2\\\/#primaryimage\"},\"image\":{\"@id\":\"https:\\\/\\\/makeupmanufacture.pl\\\/en\\\/portfolio\\\/wesele-marta-sputo-2\\\/#primaryimage\"},\"thumbnailUrl\":\"https:\\\/\\\/makeupmanufacture.pl\\\/wp-content\\\/uploads\\\/2020\\\/02\\\/ARTDECOHAVANA-MartaSputo-StyledShoot61of68.jpg\",\"datePublished\":\"2020-02-01T14:00:53+00:00\",\"breadcrumb\":{\"@id\":\"https:\\\/\\\/makeupmanufacture.pl\\\/en\\\/portfolio\\\/wesele-marta-sputo-2\\\/#breadcrumb\"},\"inLanguage\":\"en-US\",\"potentialAction\":[{\"@type\":\"ReadAction\",\"target\":[[\"https:\\\/\\\/makeupmanufacture.pl\\\/en\\\/portfolio\\\/wesele-marta-sputo-2\\\/\"]]}]},{\"@type\":\"ImageObject\",\"inLanguage\":\"en-US\",\"@id\":\"https:\\\/\\\/makeupmanufacture.pl\\\/en\\\/portfolio\\\/wesele-marta-sputo-2\\\/#primaryimage\",\"url\":\"https:\\\/\\\/makeupmanufacture.pl\\\/wp-content\\\/uploads\\\/2020\\\/02\\\/ARTDECOHAVANA-MartaSputo-StyledShoot61of68.jpg\",\"contentUrl\":\"https:\\\/\\\/makeupmanufacture.pl\\\/wp-content\\\/uploads\\\/2020\\\/02\\\/ARTDECOHAVANA-MartaSputo-StyledShoot61of68.jpg\",\"width\":1067,\"height\":1600},{\"@type\":\"BreadcrumbList\",\"@id\":\"https:\\\/\\\/makeupmanufacture.pl\\\/en\\\/portfolio\\\/wesele-marta-sputo-2\\\/#breadcrumb\",\"itemListElement\":[{\"@type\":\"ListItem\",\"position\":1,\"name\":\"Strona g\u0142\u00f3wna\",\"item\":\"https:\\\/\\\/makeupmanufacture.pl\\\/en\\\/\"},{\"@type\":\"ListItem\",\"position\":2,\"name\":\"Portfolio\",\"item\":\"https:\\\/\\\/makeupmanufacture.pl\\\/en\\\/portfolio\\\/\"},{\"@type\":\"ListItem\",\"position\":3,\"name\":\"WESELE MARTA SPUTO 2\"}]},{\"@type\":\"WebSite\",\"@id\":\"https:\\\/\\\/makeupmanufacture.pl\\\/en\\\/#website\",\"url\":\"https:\\\/\\\/makeupmanufacture.pl\\\/en\\\/\",\"name\":\"Make-up Manufacture\",\"description\":\"Kasia Wrona Make-up Artist\",\"potentialAction\":[{\"@type\":\"SearchAction\",\"target\":{\"@type\":\"EntryPoint\",\"urlTemplate\":\"https:\\\/\\\/makeupmanufacture.pl\\\/en\\\/?s={search_term_string}\"},\"query-input\":{\"@type\":\"PropertyValueSpecification\",\"valueRequired\":true,\"valueName\":\"search_term_string\"}}],\"inLanguage\":\"en-US\"}]}<\/script>\n<!-- \/ Yoast SEO plugin. -->","yoast_head_json":{"title":"WESELE MARTA SPUTO 2 - Make-up Manufacture","robots":{"index":"index","follow":"follow","max-snippet":"max-snippet:-1","max-image-preview":"max-image-preview:large","max-video-preview":"max-video-preview:-1"},"canonical":"https:\/\/makeupmanufacture.pl\/en\/portfolio\/wesele-marta-sputo-2\/","og_locale":"en_US","og_type":"article","og_title":"WESELE MARTA SPUTO 2 - Make-up Manufacture","og_description":"Sorry, this entry is only available in Polski. PHOTOGRAPHY: MARTA SPUTO,\u00a0FILM: LOVE STORY WEDDING, LIGHTS: STYLOVE \u015aLUBY, MODEL: MAGDA ALIW MUA: KASIA WRONA MAKE-UP MANUFACTURE,\u00a0HAIR: RUP COIFFEUR, JOANNA CURZYD\u0141O SWEETS: MODER WYPIEKI,\u00a0DJ: MISTRZOWSKIE WESELE, GOWN: ATELIER LAWENDA, STYLE: EWA BERDYCHOWSKA, SHOES: KSIS, FLOWERS: BEDEKO PROJEKT I ORGANIZACJA: EWA BERDYCHOWSKA, VENUE: THE MANOR,\u00a0DECORATIONS: WYPO\u017bYCZALNIA DEKORACJI, WHITE [&hellip;]","og_url":"https:\/\/makeupmanufacture.pl\/en\/portfolio\/wesele-marta-sputo-2\/","og_site_name":"Make-up Manufacture","article_publisher":"https:\/\/www.facebook.com\/MakeUpManufacture\/","og_image":[{"width":1067,"height":1600,"url":"https:\/\/makeupmanufacture.pl\/wp-content\/uploads\/2020\/02\/ARTDECOHAVANA-MartaSputo-StyledShoot61of68.jpg","type":"image\/jpeg"}],"twitter_card":"summary_large_image","schema":{"@context":"https:\/\/schema.org","@graph":[{"@type":"WebPage","@id":"https:\/\/makeupmanufacture.pl\/en\/portfolio\/wesele-marta-sputo-2\/","url":"https:\/\/makeupmanufacture.pl\/en\/portfolio\/wesele-marta-sputo-2\/","name":"WESELE MARTA SPUTO 2 - Make-up Manufacture","isPartOf":{"@id":"https:\/\/makeupmanufacture.pl\/en\/#website"},"primaryImageOfPage":{"@id":"https:\/\/makeupmanufacture.pl\/en\/portfolio\/wesele-marta-sputo-2\/#primaryimage"},"image":{"@id":"https:\/\/makeupmanufacture.pl\/en\/portfolio\/wesele-marta-sputo-2\/#primaryimage"},"thumbnailUrl":"https:\/\/makeupmanufacture.pl\/wp-content\/uploads\/2020\/02\/ARTDECOHAVANA-MartaSputo-StyledShoot61of68.jpg","datePublished":"2020-02-01T14:00:53+00:00","breadcrumb":{"@id":"https:\/\/makeupmanufacture.pl\/en\/portfolio\/wesele-marta-sputo-2\/#breadcrumb"},"inLanguage":"en-US","potentialAction":[{"@type":"ReadAction","target":[["https:\/\/makeupmanufacture.pl\/en\/portfolio\/wesele-marta-sputo-2\/"]]}]},{"@type":"ImageObject","inLanguage":"en-US","@id":"https:\/\/makeupmanufacture.pl\/en\/portfolio\/wesele-marta-sputo-2\/#primaryimage","url":"https:\/\/makeupmanufacture.pl\/wp-content\/uploads\/2020\/02\/ARTDECOHAVANA-MartaSputo-StyledShoot61of68.jpg","contentUrl":"https:\/\/makeupmanufacture.pl\/wp-content\/uploads\/2020\/02\/ARTDECOHAVANA-MartaSputo-StyledShoot61of68.jpg","width":1067,"height":1600},{"@type":"BreadcrumbList","@id":"https:\/\/makeupmanufacture.pl\/en\/portfolio\/wesele-marta-sputo-2\/#breadcrumb","itemListElement":[{"@type":"ListItem","position":1,"name":"Strona g\u0142\u00f3wna","item":"https:\/\/makeupmanufacture.pl\/en\/"},{"@type":"ListItem","position":2,"name":"Portfolio","item":"https:\/\/makeupmanufacture.pl\/en\/portfolio\/"},{"@type":"ListItem","position":3,"name":"WESELE MARTA SPUTO 2"}]},{"@type":"WebSite","@id":"https:\/\/makeupmanufacture.pl\/en\/#website","url":"https:\/\/makeupmanufacture.pl\/en\/","name":"Make-up Manufacture","description":"Kasia Wrona Make-up Artist","potentialAction":[{"@type":"SearchAction","target":{"@type":"EntryPoint","urlTemplate":"https:\/\/makeupmanufacture.pl\/en\/?s={search_term_string}"},"query-input":{"@type":"PropertyValueSpecification","valueRequired":true,"valueName":"search_term_string"}}],"inLanguage":"en-US"}]}},"_links":{"self":[{"href":"https:\/\/makeupmanufacture.pl\/en\/wp-json\/wp\/v2\/pages\/4624","targetHints":{"allow":["GET"]}}],"collection":[{"href":"https:\/\/makeupmanufacture.pl\/en\/wp-json\/wp\/v2\/pages"}],"about":[{"href":"https:\/\/makeupmanufacture.pl\/en\/wp-json\/wp\/v2\/types\/page"}],"author":[{"embeddable":true,"href":"https:\/\/makeupmanufacture.pl\/en\/wp-json\/wp\/v2\/users\/2"}],"replies":[{"embeddable":true,"href":"https:\/\/makeupmanufacture.pl\/en\/wp-json\/wp\/v2\/comments?post=4624"}],"version-history":[{"count":1,"href":"https:\/\/makeupmanufacture.pl\/en\/wp-json\/wp\/v2\/pages\/4624\/revisions"}],"predecessor-version":[{"id":4625,"href":"https:\/\/makeupmanufacture.pl\/en\/wp-json\/wp\/v2\/pages\/4624\/revisions\/4625"}],"up":[{"embeddable":true,"href":"https:\/\/makeupmanufacture.pl\/en\/wp-json\/wp\/v2\/pages\/5"}],"wp:featuredmedia":[{"embeddable":true,"href":"https:\/\/makeupmanufacture.pl\/en\/wp-json\/wp\/v2\/media\/4616"}],"wp:attachment":[{"href":"https:\/\/makeupmanufacture.pl\/en\/wp-json\/wp\/v2\/media?parent=4624"}],"curies":[{"name":"wp","href":"https:\/\/api.w.org\/{rel}","templated":true}]}}